{"id":76,"date":"2022-09-26T12:44:23","date_gmt":"2022-09-26T12:44:23","guid":{"rendered":"https:\/\/vach.berlin\/?page_id=76"},"modified":"2024-10-21T08:47:10","modified_gmt":"2024-10-21T08:47:10","slug":"kontakt","status":"publish","type":"page","link":"https:\/\/vach.berlin\/en\/kontakt\/","title":{"rendered":"Contact"},"content":{"rendered":"<section class=\"l-section wpb_row us_custom_52f3edc3 height_medium color_primary\"><div class=\"l-section-overlay\" style=\"background:#1F3C8E\"><\/div><div class=\"l-section-h i-cf\"><div class=\"g-cols vc_row via_flex valign_top type_default stacking_default\"><div class=\"vc_col-sm-12 wpb_column vc_column_container\"><div class=\"vc_column-inner us_custom_3c3878a6\"><div class=\"wpb_wrapper\"><div class=\"wpb_text_column us_custom_414b7efe\"><div class=\"wpb_wrapper\"><h1>VACH Zahn\u00e4rzte<\/h1>\n<\/div><\/div><div class=\"wpb_text_column\"><div class=\"wpb_wrapper\"><h3>Praxis f\u00fcr Parodontologie, Implantologie &amp;\u00a0Endodontie\u00a0im Prenzlauer Berg<\/h3>\n<\/div><\/div><\/div><\/div><\/div><div class=\"vc_col-sm-6 wpb_column vc_column_container\"><div class=\"vc_column-inner\"><div class=\"wpb_wrapper\"><div class=\"wpb_text_column\"><div class=\"wpb_wrapper\"><table class=\" alignleft\" style=\"height: 132px; width: 100.12987%;\" cellspacing=\"0\" cellpadding=\"0\">\n<tbody>\n<tr style=\"height: 24px;\">\n<td style=\"width: 220.90625px; text-align: left; height: 24px;\">Montag<\/td>\n<td style=\"width: 544.109375px; height: 24px;\">08:00 \u2013 19:00<\/td>\n<\/tr>\n<tr style=\"height: 24px;\">\n<td style=\"width: 220.90625px; height: 24px;\">Dienstag<\/td>\n<td style=\"width: 544.109375px; height: 24px;\">08:00 \u2013 19:00<\/td>\n<\/tr>\n<tr style=\"height: 24px;\">\n<td style=\"width: 220.90625px; height: 24px;\">Mittwoch<\/td>\n<td style=\"width: 544.109375px; height: 24px;\">08:00 \u2013 19:00<\/td>\n<\/tr>\n<tr style=\"height: 24px;\">\n<td style=\"width: 220.90625px; height: 24px;\">Donnerstag<\/td>\n<td style=\"width: 544.109375px; height: 24px;\">08:00 \u2013 19:00<\/td>\n<\/tr>\n<tr style=\"height: 24px;\">\n<td style=\"width: 220.90625px; height: 24px;\">Freitag<\/td>\n<td style=\"width: 544.109375px; height: 24px;\">08:00 \u2013 18:00<\/td>\n<\/tr>\n<tr>\n<td style=\"width: 220.90625px;\">Samstag<\/td>\n<td style=\"width: 544.109375px;\">nach Vereinbarung<\/td>\n<\/tr>\n<\/tbody>\n<\/table>\n<\/div><\/div><div class=\"w-separator size_medium\"><\/div><div class=\"wpb_text_column\"><div class=\"wpb_wrapper\"><p>Dr. med. dent. Cindy Haberland<br \/>\nDr. med. dent. Alexander Vlassakidis<\/p>\n<p><b><\/b>Sch\u00f6nhauser Allee 134<br \/>\n10437 Berlin<\/p>\n<p>Telefon: <a href=\"tel:+4930544536699\">030 \u2013 5 44 53 66 99<\/a><br \/>\nE-Mail: <a href=\"mailto:zahnarzt@vach.berlin\">zahnarzt@vach.berlin<\/a><\/p>\n<\/div><\/div><div class=\"w-separator size_medium\"><\/div><div class=\"w-btn-wrapper align_none\"><a class=\"w-btn us-btn-style_18\" target=\"_blank\" rel=\"nofollow\" title=\"Termin vereinbaren\" href=\"https:\/\/www.doctolib.de\/praxis\/berlin\/vach-zahnaerzte-dr-cindy-haberland-dr-alexander-vlassakidis\"><span class=\"w-btn-label\">Termin vereinbaren<\/span><\/a><\/div><div class=\"wpb_text_column us_custom_0327f43d\"><div class=\"wpb_wrapper\"><p><a href=\"https:\/\/www.google.com\/maps\/dir\/\/Sch\u00f6nhauser+Allee+134,+10437+Berlin\/@52.5477879,13.4056508,15.03z\/data=!4m9!4m8!1m0!1m5!1m1!1s0x47a852019a6bed15:0x184cc9dcda5f4523!2m2!1d13.4120106!2d52.5443528!3e3\" target=\"_blank\" rel=\"noopener\">Anfahrt BVG<\/a> | <a href=\"https:\/\/www.google.com\/maps\/dir\/\/Sch\u00f6nhauser+Allee+134,+10437+Berlin\/@52.5439296,13.4025588,14.82z\/data=!4m9!4m8!1m0!1m5!1m1!1s0x47a852019a6bed15:0x184cc9dcda5f4523!2m2!1d13.4120106!2d52.5443528!3e0\" target=\"_blank\" rel=\"noopener\">Anfahrt KFZ<\/a><\/p>\n<\/div><\/div><\/div><\/div><\/div><div class=\"vc_col-sm-6 wpb_column vc_column_container\"><div class=\"vc_column-inner\"><div class=\"wpb_wrapper\"><form class=\"w-form  us-field-style_1 us_custom_24ebf989 has_text_color layout_ver show_message_after_sending for_cform us_form_1\" action=\"https:\/\/vach.berlin\/en\/en\/wp-json\/wp\/v2\/pages\/76\" method=\"post\"><div class=\"w-form-h\"><div class=\"w-form-row for_text required\">\r\n\t\t<div class=\"w-form-row-field\">\r\n\t\t\t\t\t\t<input aria-label=\"Name, Vorname\" type=\"text\" name=\"us_form_1_text_1\" value placeholder=\"Name, Vorname *\" data-required=\"true\" aria-required=\"true\"\/>\r\n\t\t\t<\/div>\r\n\t\t<div class=\"w-form-row-state\">Fill out this field<\/div>\r\n<\/div>\r\n<div class=\"w-form-row for_email required\">\r\n\t\t<div class=\"w-form-row-field\">\r\n\t\t\t\t\t\t<input aria-label=\"Ihre E-Mail Adresse\" type=\"email\" name=\"us_form_1_email_1\" value placeholder=\"Ihre E-Mail Adresse *\" data-required=\"true\" aria-required=\"true\"\/>\r\n\t\t\t<\/div>\r\n\t\t<div class=\"w-form-row-state\">Please enter a valid email address.<\/div>\r\n<\/div>\r\n<div class=\"w-form-row for_select\">\r\n\t\t<div class=\"w-form-row-field\">\r\n\t\t\t\t\t\t<select aria-label=\"us_form_1_select_1\" name=\"us_form_1_select_1\">\r\n\t\t\t<option value=\"Was f\u00fchrt Sie in unsere Praxis?\">Was f\u00fchrt Sie in unsere Praxis?<\/option><option value=\"Endodontie\">Endodontie<\/option><option value=\"Implantologie\">Implantologie<\/option><option value=\"Parodontologie\">Parodontologie<\/option><option value=\"\u00c4sthetik\">\u00c4sthetik<\/option><option value=\"Prophylaxe\">Prophylaxe<\/option><option value=\"Zahnschmerzen\">Zahnschmerzen<\/option><option value=\"Sonstiges\">Sonstiges<\/option>\t\t<\/select>\r\n\t\t\t<\/div>\r\n\t\t<div class=\"w-form-row-state\">Select an option<\/div>\r\n<\/div>\r\n<div class=\"w-form-row for_textarea required\">\r\n\t\t<div class=\"w-form-row-field\">\r\n\t\t\t\t\t\t<textarea aria-label=\"Ihre Nachricht an VACH\" name=\"us_form_1_textarea_1\" placeholder=\"Ihre Nachricht an VACH *\" data-required=\"true\" aria-required=\"true\"><\/textarea>\r\n\t\t\t<\/div>\r\n\t\t<div class=\"w-form-row-state\">Fill out this field<\/div>\r\n<\/div>\r\n<div class=\"w-form-row for_captcha has_label required\">\r\n\t<div class=\"w-form-row-label\">\r\n\t\t<span>Bitte l\u00f6sen Sie zur Sicherheit folgende Aufgabe: <span>30 + 1 = ?<\/span><\/span>\r\n\t<\/div>\r\n\t<div class=\"w-form-row-field\">\r\n\t\t\t\t<input type=\"hidden\" name=\"us_form_1_captcha_1_hash\" value=\"d069f5fb05bc65ffb2702869cf83ac43\" \/>\r\n\t\t\t\t<input aria-label=\"Bitte l\u00f6sen Sie zur Sicherheit folgende Aufgabe:\" type=\"text\" name=\"us_form_1_captcha_1\" placeholder data-required=\"true\" aria-required=\"true\"\/>\r\n\t\t\t<\/div>\r\n\t\t<div class=\"w-form-row-state\">Enter the equation result to proceed<\/div>\r\n<\/div>\r\n<div class=\"w-form-row for_agreement required\">\r\n\t\t<div class=\"w-form-row-field\">\r\n\t\t\t\t<label>\r\n\t\t\t<input type=\"checkbox\" value=\"1\" data-required=\"true\" aria-required=\"true\" name=\"us_form_1_agreement_1\"\/>\r\n\t\t\t<span><\/span>\r\n\t\t<\/label>\r\n\t\t\t<\/div>\r\n\t\t\t<div class=\"w-form-row-description\">\r\n\t\t\tSie erkl\u00e4ren sich damit einverstanden, da\u00df Ihre Daten zur Bearbeitung Ihres Anliegens verwendet werden. Weitere Informationen und Widerrufshinweise finden Sie in der <a href=\"https:\/\/vach.berlin\/datenschutz\/\">Datenschutzerkl\u00e4rung<\/a>.\t\t<\/div>\r\n\t\t<div class=\"w-form-row-state\">You need to agree with the terms to proceed<\/div>\r\n<\/div>\r\n<input type=\"hidden\" name=\"action\" value=\"us_ajax_cform\" \/>\r\n<input type=\"hidden\" name=\"post_id\" value=\"0\" \/>\r\n<input type=\"hidden\" name=\"form_index\" value=\"1\" \/>\r\n<div class=\"w-form-row for_submit align_none\"><button class=\"w-btn us-btn-style_18\" type=\"submit\" aria-label=\"Submit\"><span class=\"g-preloader type_1\"><\/span><span class=\"w-btn-label\">Submit<\/span><\/button><\/div><\/div><div class=\"w-form-message\"><\/div><div class=\"w-form-json hidden\" onclick='return {&quot;ajaxurl&quot;:&quot;https:\\\/\\\/vach.berlin\\\/wp-admin\\\/admin-ajax.php&quot;,&quot;messages&quot;:{&quot;err_empty&quot;:&quot;Fill out this field&quot;,&quot;err_size&quot;:&quot;File size cannot exceed %s MB&quot;,&quot;err_extension&quot;:&quot;%s file type is not allowed&quot;,&quot;err_recaptcha_keys&quot;:&quot;reCAPTCHA keys are incorrect&quot;}}'><\/div><\/form><\/div><\/div><\/div><\/div><\/div><\/section><section class=\"l-section wpb_row us_custom_48420357 height_auto width_full\" id=\"map\"><div class=\"l-section-h i-cf\"><div class=\"g-cols vc_row via_flex valign_top type_default stacking_default\"><div class=\"vc_col-sm-12 wpb_column vc_column_container\"><div class=\"vc_column-inner\"><div class=\"wpb_wrapper\"><div class=\"w-map provider_osm us_custom_cfdf64d4\" id=\"us_map_1\"><div class=\"w-map-inner\"><div class=\"w-map-json\" onclick='return {&quot;address&quot;:&quot;52.54432313043725, 13.41210842643143&quot;,&quot;disableDragging&quot;:1,&quot;disableZoom&quot;:1,&quot;hideControls&quot;:0,&quot;zoom&quot;:17,&quot;markers&quot;:[{&quot;address&quot;:&quot;52.54432313043725, 13.41210842643143&quot;,&quot;html&quot;:&quot;&lt;h6&gt;VACH Zahn\\u00e4rzte&lt;\\\/h6&gt;&lt;p&gt;Sch\\u00f6nhauser Allee 134 |\\u00a010439 Berlin&lt;br&gt;\\n030 - 544536699&lt;\\\/p&gt;&quot;,&quot;infowindow&quot;:&quot;1&quot;}],&quot;icon&quot;:{&quot;url&quot;:&quot;https:\\\/\\\/vach.berlin\\\/wp-content\\\/uploads\\\/2022\\\/10\\\/vach-zahnarzt-pointer-150x150.png&quot;,&quot;size&quot;:[40,40]},&quot;style&quot;:&quot;https:\\\/\\\/{s}.tile.openstreetmap.org\\\/{z}\\\/{x}\\\/{y}.png&quot;}'><\/div><\/div><\/div><\/div><\/div><\/div><\/div><\/div><\/section>\n","protected":false},"excerpt":{"rendered":"VACH Zahn\u00e4rzte Praxis f\u00fcr Parodontologie, Implantologie &amp;\u00a0Endodontie\u00a0im Prenzlauer Berg Montag 08:00 \u2013 19:00 Dienstag 08:00 \u2013 19:00 Mittwoch 08:00 \u2013 19:00 Donnerstag 08:00 \u2013 19:00 Freitag 08:00 \u2013 18:00 Samstag nach Vereinbarung Dr. med. dent. Cindy Haberland Dr. med. dent. Alexander Vlassakidis Sch\u00f6nhauser Allee 134 10437 Berlin Telefon: 030 \u2013 5 44 53 66 99...","protected":false},"author":1,"featured_media":0,"parent":0,"menu_order":0,"comment_status":"closed","ping_status":"closed","template":"","meta":{"footnotes":""},"class_list":["post-76","page","type-page","status-publish","hentry"],"yoast_head":"<!-- This site is optimized with the Yoast SEO plugin v27.3 - https:\/\/yoast.com\/product\/yoast-seo-wordpress\/ -->\n<title>Kontakt - VACH Zahn\u00e4rzte Berlin Prenzlauer Berg<\/title>\n<meta name=\"description\" content=\"Kontakt und \u00d6ffnungszeiten der VACH Zahn\u00e4rzte in Berlin Prenzlauer Berg. Sch\u00f6nhauser Allee 134, 10439 Berlin. 030 - 5 44 53 66 99\" \/>\n<meta name=\"robots\" content=\"index, follow, max-snippet:-1, max-image-preview:large, max-video-preview:-1\" \/>\n<link rel=\"canonical\" href=\"https:\/\/vach.berlin\/en\/kontakt\/\" \/>\n<meta property=\"og:locale\" content=\"en_US\" \/>\n<meta property=\"og:type\" content=\"article\" \/>\n<meta property=\"og:title\" content=\"Kontakt - VACH Zahn\u00e4rzte Berlin Prenzlauer Berg\" \/>\n<meta property=\"og:description\" content=\"Kontakt und \u00d6ffnungszeiten der VACH Zahn\u00e4rzte in Berlin Prenzlauer Berg. Sch\u00f6nhauser Allee 134, 10439 Berlin. 030 - 5 44 53 66 99\" \/>\n<meta property=\"og:url\" content=\"https:\/\/vach.berlin\/en\/kontakt\/\" \/>\n<meta property=\"og:site_name\" content=\"VACH Zahn\u00e4rzte Berlin Prenzlauer Berg\" \/>\n<meta property=\"article:modified_time\" content=\"2024-10-21T08:47:10+00:00\" \/>\n<meta name=\"twitter:card\" content=\"summary_large_image\" \/>\n<meta name=\"twitter:label1\" content=\"Est. reading time\" \/>\n\t<meta name=\"twitter:data1\" content=\"1 minute\" \/>\n<script type=\"application\/ld+json\" class=\"yoast-schema-graph\">{\"@context\":\"https:\\\/\\\/schema.org\",\"@graph\":[{\"@type\":\"WebPage\",\"@id\":\"https:\\\/\\\/vach.berlin\\\/kontakt\\\/\",\"url\":\"https:\\\/\\\/vach.berlin\\\/kontakt\\\/\",\"name\":\"Kontakt - VACH Zahn\u00e4rzte Berlin Prenzlauer Berg\",\"isPartOf\":{\"@id\":\"https:\\\/\\\/vach.berlin\\\/#website\"},\"datePublished\":\"2022-09-26T12:44:23+00:00\",\"dateModified\":\"2024-10-21T08:47:10+00:00\",\"description\":\"Kontakt und \u00d6ffnungszeiten der VACH Zahn\u00e4rzte in Berlin Prenzlauer Berg. Sch\u00f6nhauser Allee 134, 10439 Berlin. 030 - 5 44 53 66 99\",\"breadcrumb\":{\"@id\":\"https:\\\/\\\/vach.berlin\\\/kontakt\\\/#breadcrumb\"},\"inLanguage\":\"en-US\",\"potentialAction\":[{\"@type\":\"ReadAction\",\"target\":[\"https:\\\/\\\/vach.berlin\\\/kontakt\\\/\"]}]},{\"@type\":\"BreadcrumbList\",\"@id\":\"https:\\\/\\\/vach.berlin\\\/kontakt\\\/#breadcrumb\",\"itemListElement\":[{\"@type\":\"ListItem\",\"position\":1,\"name\":\"Startseite\",\"item\":\"https:\\\/\\\/vach.berlin\\\/\"},{\"@type\":\"ListItem\",\"position\":2,\"name\":\"Kontakt\"}]},{\"@type\":\"WebSite\",\"@id\":\"https:\\\/\\\/vach.berlin\\\/#website\",\"url\":\"https:\\\/\\\/vach.berlin\\\/\",\"name\":\"VACH Zahn\u00e4rzte Berlin Prenzlauer Berg\",\"description\":\"Parodontologie, Implantologie &amp; Endodontie\",\"potentialAction\":[{\"@type\":\"SearchAction\",\"target\":{\"@type\":\"EntryPoint\",\"urlTemplate\":\"https:\\\/\\\/vach.berlin\\\/?s={search_term_string}\"},\"query-input\":{\"@type\":\"PropertyValueSpecification\",\"valueRequired\":true,\"valueName\":\"search_term_string\"}}],\"inLanguage\":\"en-US\"}]}<\/script>\n<!-- \/ Yoast SEO plugin. -->","yoast_head_json":{"title":"Kontakt - VACH Zahn\u00e4rzte Berlin Prenzlauer Berg","description":"Kontakt und \u00d6ffnungszeiten der VACH Zahn\u00e4rzte in Berlin Prenzlauer Berg. Sch\u00f6nhauser Allee 134, 10439 Berlin. 030 - 5 44 53 66 99","robots":{"index":"index","follow":"follow","max-snippet":"max-snippet:-1","max-image-preview":"max-image-preview:large","max-video-preview":"max-video-preview:-1"},"canonical":"https:\/\/vach.berlin\/en\/kontakt\/","og_locale":"en_US","og_type":"article","og_title":"Kontakt - VACH Zahn\u00e4rzte Berlin Prenzlauer Berg","og_description":"Kontakt und \u00d6ffnungszeiten der VACH Zahn\u00e4rzte in Berlin Prenzlauer Berg. Sch\u00f6nhauser Allee 134, 10439 Berlin. 030 - 5 44 53 66 99","og_url":"https:\/\/vach.berlin\/en\/kontakt\/","og_site_name":"VACH Zahn\u00e4rzte Berlin Prenzlauer Berg","article_modified_time":"2024-10-21T08:47:10+00:00","twitter_card":"summary_large_image","twitter_misc":{"Est. reading time":"1 minute"},"schema":{"@context":"https:\/\/schema.org","@graph":[{"@type":"WebPage","@id":"https:\/\/vach.berlin\/kontakt\/","url":"https:\/\/vach.berlin\/kontakt\/","name":"Kontakt - VACH Zahn\u00e4rzte Berlin Prenzlauer Berg","isPartOf":{"@id":"https:\/\/vach.berlin\/#website"},"datePublished":"2022-09-26T12:44:23+00:00","dateModified":"2024-10-21T08:47:10+00:00","description":"Kontakt und \u00d6ffnungszeiten der VACH Zahn\u00e4rzte in Berlin Prenzlauer Berg. Sch\u00f6nhauser Allee 134, 10439 Berlin. 030 - 5 44 53 66 99","breadcrumb":{"@id":"https:\/\/vach.berlin\/kontakt\/#breadcrumb"},"inLanguage":"en-US","potentialAction":[{"@type":"ReadAction","target":["https:\/\/vach.berlin\/kontakt\/"]}]},{"@type":"BreadcrumbList","@id":"https:\/\/vach.berlin\/kontakt\/#breadcrumb","itemListElement":[{"@type":"ListItem","position":1,"name":"Startseite","item":"https:\/\/vach.berlin\/"},{"@type":"ListItem","position":2,"name":"Kontakt"}]},{"@type":"WebSite","@id":"https:\/\/vach.berlin\/#website","url":"https:\/\/vach.berlin\/","name":"VACH Zahn\u00e4rzte Berlin Prenzlauer Berg","description":"Parodontologie, Implantologie &amp; Endodontie","potentialAction":[{"@type":"SearchAction","target":{"@type":"EntryPoint","urlTemplate":"https:\/\/vach.berlin\/?s={search_term_string}"},"query-input":{"@type":"PropertyValueSpecification","valueRequired":true,"valueName":"search_term_string"}}],"inLanguage":"en-US"}]}},"_links":{"self":[{"href":"https:\/\/vach.berlin\/en\/wp-json\/wp\/v2\/pages\/76","targetHints":{"allow":["GET"]}}],"collection":[{"href":"https:\/\/vach.berlin\/en\/wp-json\/wp\/v2\/pages"}],"about":[{"href":"https:\/\/vach.berlin\/en\/wp-json\/wp\/v2\/types\/page"}],"author":[{"embeddable":true,"href":"https:\/\/vach.berlin\/en\/wp-json\/wp\/v2\/users\/1"}],"replies":[{"embeddable":true,"href":"https:\/\/vach.berlin\/en\/wp-json\/wp\/v2\/comments?post=76"}],"version-history":[{"count":2,"href":"https:\/\/vach.berlin\/en\/wp-json\/wp\/v2\/pages\/76\/revisions"}],"predecessor-version":[{"id":1040,"href":"https:\/\/vach.berlin\/en\/wp-json\/wp\/v2\/pages\/76\/revisions\/1040"}],"wp:attachment":[{"href":"https:\/\/vach.berlin\/en\/wp-json\/wp\/v2\/media?parent=76"}],"curies":[{"name":"wp","href":"https:\/\/api.w.org\/{rel}","templated":true}]}}