{"id":74,"date":"2022-09-26T12:44:09","date_gmt":"2022-09-26T12:44:09","guid":{"rendered":"https:\/\/vach.berlin\/?page_id=74"},"modified":"2022-11-28T14:34:19","modified_gmt":"2022-11-28T14:34:19","slug":"fuer-patienten","status":"publish","type":"page","link":"https:\/\/vach.berlin\/en\/fuer-patienten\/","title":{"rendered":"F\u00fcr Patienten"},"content":{"rendered":"<section class=\"l-section wpb_row us_custom_0f5629ef height_auto width_full\"><div class=\"l-section-h i-cf\"><div class=\"g-cols vc_row via_flex valign_top type_boxes stacking_default\" style=\"--additional-gap:1rem;\"><div class=\"vc_col-sm-4 wpb_column vc_column_container has_text_color\"><div class=\"vc_column-inner us_custom_6df4bc3a\"><div class=\"vc_column-overlay\" style=\"background:var(--color-alt-content-bg-alt)\"><\/div><div class=\"wpb_wrapper\"><div class=\"wpb_text_column us_custom_2454028a\"><div class=\"wpb_wrapper\"><h3>Anamnese<\/h3>\n<p>You are welcome to fill out your anamnesis form in the comfort of your own home and bring it with you to the treatment. You will receive it by e-mail after you have successfully booked an appointment.<\/p>\n<\/div><\/div><\/div><\/div><\/div><div class=\"vc_col-sm-4 wpb_column vc_column_container has_text_color\"><div class=\"vc_column-inner us_custom_6df4bc3a\"><div class=\"vc_column-overlay\" style=\"background:var(--color-content-primary)\"><\/div><div class=\"wpb_wrapper\"><div class=\"wpb_text_column us_custom_2454028a\"><div class=\"wpb_wrapper\"><h3>Your satisfaction is our claim<\/h3>\n<p>Our goal is for you to feel relaxed and comfortable before, during and after your dental treatment. Relax with a drink on the comfortable couches and enjoy the modern ambience of the practice before we treat your teeth with state-of-the-art dentistry.<\/p>\n<\/div><\/div><\/div><\/div><\/div><div class=\"vc_col-sm-4 wpb_column vc_column_container has_text_color\"><div class=\"vc_column-inner us_custom_6df4bc3a\"><div class=\"vc_column-overlay\" style=\"background:var(--color-subfooter-bg-alt)\"><\/div><div class=\"wpb_wrapper\"><div class=\"wpb_text_column\"><div class=\"wpb_wrapper\"><h3>Interest-free installment payment<\/h3>\n<p>Our service for patients: You are welcome to pay the costs of your treatment in comfortable installments. With a term of up to 6 months, our patient installment payment is even free of interest and fees.<\/p>\n<\/div><\/div><\/div><\/div><\/div><\/div><\/div><\/section>","protected":false},"excerpt":{"rendered":"Anamnese F\u00fcllen Sie Ihren Anamnesebogen gern schon bequem zu Hause aus und bringen sie ihn zur Behandlung mit.\u00a0Sie bekommen ihn nach erfolgreicher Terminbuchung per E-Mail zugeschickt. Ihre Zufriedenheit ist unser Anspruch Unser Ziel ist, dass Sie sich vor, w\u00e4hrend und nach der zahn\u00e4rztlichen Behandlung entspannt und wohl f\u00fchlen. Relaxen Sie bei einem Getr\u00e4nk in den...","protected":false},"author":1,"featured_media":0,"parent":0,"menu_order":0,"comment_status":"closed","ping_status":"closed","template":"","meta":{"footnotes":""},"class_list":["post-74","page","type-page","status-publish","hentry"],"yoast_head":"<!-- This site is optimized with the Yoast SEO plugin v27.4 - https:\/\/yoast.com\/product\/yoast-seo-wordpress\/ -->\n<title>F\u00fcr Patienten - VACH Zahn\u00e4rzte Berlin Prenzlauer Berg<\/title>\n<meta name=\"description\" content=\"Informationen f\u00fcr die Patienten der VACH Zahn\u00e4rzte in Berlin Prenzlauer Berg. Ihre Zahnarztpraxis in der Sch\u00f6nhauser Allee 134.\" \/>\n<meta name=\"robots\" content=\"index, follow, max-snippet:-1, max-image-preview:large, max-video-preview:-1\" \/>\n<link rel=\"canonical\" href=\"https:\/\/vach.berlin\/en\/fuer-patienten\/\" \/>\n<meta property=\"og:locale\" content=\"en_US\" \/>\n<meta property=\"og:type\" content=\"article\" \/>\n<meta property=\"og:title\" content=\"F\u00fcr Patienten - VACH Zahn\u00e4rzte Berlin Prenzlauer Berg\" \/>\n<meta property=\"og:description\" content=\"Informationen f\u00fcr die Patienten der VACH Zahn\u00e4rzte in Berlin Prenzlauer Berg. Ihre Zahnarztpraxis in der Sch\u00f6nhauser Allee 134.\" \/>\n<meta property=\"og:url\" content=\"https:\/\/vach.berlin\/en\/fuer-patienten\/\" \/>\n<meta property=\"og:site_name\" content=\"VACH Zahn\u00e4rzte Berlin Prenzlauer Berg\" \/>\n<meta property=\"article:modified_time\" content=\"2022-11-28T14:34:19+00:00\" \/>\n<meta name=\"twitter:card\" content=\"summary_large_image\" \/>\n<meta name=\"twitter:label1\" content=\"Est. reading time\" \/>\n\t<meta name=\"twitter:data1\" content=\"1 minute\" \/>\n<script type=\"application\/ld+json\" class=\"yoast-schema-graph\">{\"@context\":\"https:\\\/\\\/schema.org\",\"@graph\":[{\"@type\":\"WebPage\",\"@id\":\"https:\\\/\\\/vach.berlin\\\/fuer-patienten\\\/\",\"url\":\"https:\\\/\\\/vach.berlin\\\/fuer-patienten\\\/\",\"name\":\"F\u00fcr Patienten - VACH Zahn\u00e4rzte Berlin Prenzlauer Berg\",\"isPartOf\":{\"@id\":\"https:\\\/\\\/vach.berlin\\\/#website\"},\"datePublished\":\"2022-09-26T12:44:09+00:00\",\"dateModified\":\"2022-11-28T14:34:19+00:00\",\"description\":\"Informationen f\u00fcr die Patienten der VACH Zahn\u00e4rzte in Berlin Prenzlauer Berg. Ihre Zahnarztpraxis in der Sch\u00f6nhauser Allee 134.\",\"breadcrumb\":{\"@id\":\"https:\\\/\\\/vach.berlin\\\/fuer-patienten\\\/#breadcrumb\"},\"inLanguage\":\"en-US\",\"potentialAction\":[{\"@type\":\"ReadAction\",\"target\":[\"https:\\\/\\\/vach.berlin\\\/fuer-patienten\\\/\"]}]},{\"@type\":\"BreadcrumbList\",\"@id\":\"https:\\\/\\\/vach.berlin\\\/fuer-patienten\\\/#breadcrumb\",\"itemListElement\":[{\"@type\":\"ListItem\",\"position\":1,\"name\":\"Startseite\",\"item\":\"https:\\\/\\\/vach.berlin\\\/\"},{\"@type\":\"ListItem\",\"position\":2,\"name\":\"F\u00fcr Patienten\"}]},{\"@type\":\"WebSite\",\"@id\":\"https:\\\/\\\/vach.berlin\\\/#website\",\"url\":\"https:\\\/\\\/vach.berlin\\\/\",\"name\":\"VACH Zahn\u00e4rzte Berlin Prenzlauer Berg\",\"description\":\"Parodontologie, Implantologie &amp; Endodontie\",\"potentialAction\":[{\"@type\":\"SearchAction\",\"target\":{\"@type\":\"EntryPoint\",\"urlTemplate\":\"https:\\\/\\\/vach.berlin\\\/?s={search_term_string}\"},\"query-input\":{\"@type\":\"PropertyValueSpecification\",\"valueRequired\":true,\"valueName\":\"search_term_string\"}}],\"inLanguage\":\"en-US\"}]}<\/script>\n<!-- \/ Yoast SEO plugin. -->","yoast_head_json":{"title":"F\u00fcr Patienten - VACH Zahn\u00e4rzte Berlin Prenzlauer Berg","description":"Informationen f\u00fcr die Patienten der VACH Zahn\u00e4rzte in Berlin Prenzlauer Berg. Ihre Zahnarztpraxis in der Sch\u00f6nhauser Allee 134.","robots":{"index":"index","follow":"follow","max-snippet":"max-snippet:-1","max-image-preview":"max-image-preview:large","max-video-preview":"max-video-preview:-1"},"canonical":"https:\/\/vach.berlin\/en\/fuer-patienten\/","og_locale":"en_US","og_type":"article","og_title":"F\u00fcr Patienten - VACH Zahn\u00e4rzte Berlin Prenzlauer Berg","og_description":"Informationen f\u00fcr die Patienten der VACH Zahn\u00e4rzte in Berlin Prenzlauer Berg. Ihre Zahnarztpraxis in der Sch\u00f6nhauser Allee 134.","og_url":"https:\/\/vach.berlin\/en\/fuer-patienten\/","og_site_name":"VACH Zahn\u00e4rzte Berlin Prenzlauer Berg","article_modified_time":"2022-11-28T14:34:19+00:00","twitter_card":"summary_large_image","twitter_misc":{"Est. reading time":"1 minute"},"schema":{"@context":"https:\/\/schema.org","@graph":[{"@type":"WebPage","@id":"https:\/\/vach.berlin\/fuer-patienten\/","url":"https:\/\/vach.berlin\/fuer-patienten\/","name":"F\u00fcr Patienten - VACH Zahn\u00e4rzte Berlin Prenzlauer Berg","isPartOf":{"@id":"https:\/\/vach.berlin\/#website"},"datePublished":"2022-09-26T12:44:09+00:00","dateModified":"2022-11-28T14:34:19+00:00","description":"Informationen f\u00fcr die Patienten der VACH Zahn\u00e4rzte in Berlin Prenzlauer Berg. Ihre Zahnarztpraxis in der Sch\u00f6nhauser Allee 134.","breadcrumb":{"@id":"https:\/\/vach.berlin\/fuer-patienten\/#breadcrumb"},"inLanguage":"en-US","potentialAction":[{"@type":"ReadAction","target":["https:\/\/vach.berlin\/fuer-patienten\/"]}]},{"@type":"BreadcrumbList","@id":"https:\/\/vach.berlin\/fuer-patienten\/#breadcrumb","itemListElement":[{"@type":"ListItem","position":1,"name":"Startseite","item":"https:\/\/vach.berlin\/"},{"@type":"ListItem","position":2,"name":"F\u00fcr Patienten"}]},{"@type":"WebSite","@id":"https:\/\/vach.berlin\/#website","url":"https:\/\/vach.berlin\/","name":"VACH Zahn\u00e4rzte Berlin Prenzlauer Berg","description":"Parodontologie, Implantologie &amp; Endodontie","potentialAction":[{"@type":"SearchAction","target":{"@type":"EntryPoint","urlTemplate":"https:\/\/vach.berlin\/?s={search_term_string}"},"query-input":{"@type":"PropertyValueSpecification","valueRequired":true,"valueName":"search_term_string"}}],"inLanguage":"en-US"}]}},"_links":{"self":[{"href":"https:\/\/vach.berlin\/en\/wp-json\/wp\/v2\/pages\/74","targetHints":{"allow":["GET"]}}],"collection":[{"href":"https:\/\/vach.berlin\/en\/wp-json\/wp\/v2\/pages"}],"about":[{"href":"https:\/\/vach.berlin\/en\/wp-json\/wp\/v2\/types\/page"}],"author":[{"embeddable":true,"href":"https:\/\/vach.berlin\/en\/wp-json\/wp\/v2\/users\/1"}],"replies":[{"embeddable":true,"href":"https:\/\/vach.berlin\/en\/wp-json\/wp\/v2\/comments?post=74"}],"version-history":[{"count":0,"href":"https:\/\/vach.berlin\/en\/wp-json\/wp\/v2\/pages\/74\/revisions"}],"wp:attachment":[{"href":"https:\/\/vach.berlin\/en\/wp-json\/wp\/v2\/media?parent=74"}],"curies":[{"name":"wp","href":"https:\/\/api.w.org\/{rel}","templated":true}]}}