{"id":70,"date":"2022-09-26T12:43:30","date_gmt":"2022-09-26T12:43:30","guid":{"rendered":"https:\/\/vach.berlin\/?page_id=70"},"modified":"2023-02-06T09:26:15","modified_gmt":"2023-02-06T09:26:15","slug":"aerzte","status":"publish","type":"page","link":"https:\/\/vach.berlin\/en\/aerzte\/","title":{"rendered":"Doctors"},"content":{"rendered":"<section class=\"l-section wpb_row us_custom_0bfe0ed4 us_animate_this height_auto width_full\"><div class=\"l-section-h i-cf\"><div class=\"g-cols vc_row via_flex valign_middle type_default stacking_default\" style=\"--additional-gap:1rem;\"><div class=\"vc_col-sm-4 wpb_column vc_column_container has_bg_color\"><div class=\"vc_column-inner us_custom_e883312e\"><div class=\"wpb_wrapper\"><\/div><\/div><\/div><div class=\"vc_col-sm-8 wpb_column vc_column_container has_text_color\"><div class=\"vc_column-inner us_custom_ce012706\"><div class=\"vc_column-overlay\" style=\"background:var(--color-content-primary)\"><\/div><div class=\"wpb_wrapper\"><div class=\"wpb_text_column\"><div class=\"wpb_wrapper\"><h1><span style=\"font-size: 28pt;\">Dr. med. dent. Cindy Haberland<\/span><\/h1>\n<p>Dr Haberland is our expert for effective periodontal therapy. Modern maintenance procedures and regenerative therapy approaches as well as sophisticated biofilm management and supportive prerodontitis therapy depending on the individual risk are the cornerstones of our success-oriented gum treatment.<\/p>\n<ul>\n<li>* 1987 in Ludwigsfelde<\/li>\n<li>2007 Abitur, Friedrich-Gymnasium, Luckenwalde<\/li>\n<li>2007 \u2013 2012 Dentistry studies at the Charite Universit\u00e4tsmedizin Berlin, license to practice dentistry on December 20th, 2012<\/li>\n<li>2013-2017 Research assistant in the Charit\u00e9-Universit\u00e4tsmedizin Berlin, department for tooth preservation and preventive dentistry<\/li>\n<li>2017-2022 Employed dentist in Berlin, among others at the dental practice Dr. Jan Philip Reister<\/li>\n<li class=\"translation-block\">2021 Doctoral thesis <em>\u201cCollection of dental health data as part of the pre-test of the national cohort in Berlin Buch\u201d, <\/em>supervised by Priv.-Doz. dr N. Pischon<\/li>\n<\/ul>\n<\/div><\/div><\/div><\/div><\/div><\/div><\/div><\/section><section class=\"l-section wpb_row us_custom_cfab86f2 us_animate_this height_auto width_full\"><div class=\"l-section-h i-cf\"><div class=\"g-cols vc_row via_flex valign_middle type_default reversed stacking_default\" style=\"--additional-gap:1rem;\"><div class=\"vc_col-sm-8 wpb_column vc_column_container has_text_color\"><div class=\"vc_column-inner us_custom_ce012706\"><div class=\"vc_column-overlay\" style=\"background:var(--color-subfooter-bg-alt)\"><\/div><div class=\"wpb_wrapper\"><div class=\"wpb_text_column\"><div class=\"wpb_wrapper\"><h1><span style=\"font-size: 28pt;\">Dr. med. dent. Alexander Vlassakidis<\/span><\/h1>\n<p>Dr Vlassakidis is our expert for microscope-assisted root canal treatment. To ensure the success of your treatment, we use a disinfection-rinsing protocol, electrical length measurement, mechanical preparation with high-quality disposable instruments, usually in one session (single visit).<\/p>\n<ul>\n<li>*1983 in Sindelfingen<\/li>\n<li>2000-2001 Paul-G-Blazer High School, Kentucky, U. S. A.<\/li>\n<li>2003 Abitur<\/li>\n<li>2003-2004 Work&amp;Travel Australia<\/li>\n<li>2004-2009 Study of dentistry at the medical faculty Carl Gustav Carus, TU-Dresden<\/li>\n<li>Approval as a dentist on December 8th, 2009<\/li>\n<li>2008 Satellite Clinics Program at the University of Alberta, Canada, treating patients independently<\/li>\n<li class=\"translation-block\">2007-2012 Doctoral thesis on <em>\"In-Vitro and In-Vivo-Behaviour of tissue engineered, cryopreserved two-cell and three-cell biomatrix constructs\"<\/em> under the direction of Prof. Dr. dr Lauer, department MKG, TU Dresden<\/li>\n<li>2012-2016 Charit\u00e9 University Medicine Berlin in the Department of Tooth Conservation and Preventive Dentistry<\/li>\n<li>2010-2022 Employed dentist, among others in the MKG Surgery Landsberger<\/li>\n<\/ul>\n<\/div><\/div><\/div><\/div><\/div><div class=\"vc_col-sm-4 wpb_column vc_column_container has_bg_color\"><div class=\"vc_column-inner us_custom_e8f132cc\"><div class=\"wpb_wrapper\"><\/div><\/div><\/div><\/div><\/div><\/section>","protected":false},"excerpt":{"rendered":"Dr. med. dent. Cindy Haberland Dr. Haberland ist unsere Expertin f\u00fcr eine effektive Parodontaltherapie. Moderne Erhaltungsverfahren und regenerative Therapieans\u00e4tze sowie ein ausgekl\u00fcgeltes Biofilmmanagement und die unterst\u00fctzende Parodontitistherapie, je nach individuellem Risiko, sind die Grundpfeiler unserer erfolgsorientierten Zahnfleischbehandung. * 1987 in Ludwigsfelde 2007 Abitur, Friedrich-Gymnasium, Luckenwalde 2007 &#8211; 2012 Studium der Zahnmedizin an der Charit\u00e9-Universit\u00e4tsmedizin Berlin,...","protected":false},"author":1,"featured_media":0,"parent":0,"menu_order":0,"comment_status":"closed","ping_status":"closed","template":"","meta":{"footnotes":""},"class_list":["post-70","page","type-page","status-publish","hentry"],"yoast_head":"<!-- This site is optimized with the Yoast SEO plugin v27.3 - https:\/\/yoast.com\/product\/yoast-seo-wordpress\/ -->\n<title>Vlassakidis &amp; Haberland - VACH Zahn\u00e4rzte Berlin Prenzlauer Berg<\/title>\n<meta name=\"description\" content=\"Dr. Cindy Haberland &amp; Dr. Alexander Vlassakidis sind Ihre VACH Zahn\u00e4rzte f\u00fcr Endodontie, Parodontologie und Implantologie in Berlin Prenzlauer Berg.\" \/>\n<meta name=\"robots\" content=\"index, follow, max-snippet:-1, max-image-preview:large, max-video-preview:-1\" \/>\n<link rel=\"canonical\" href=\"https:\/\/vach.berlin\/en\/aerzte\/\" \/>\n<meta property=\"og:locale\" content=\"en_US\" \/>\n<meta property=\"og:type\" content=\"article\" \/>\n<meta property=\"og:title\" content=\"Vlassakidis &amp; Haberland - VACH Zahn\u00e4rzte Berlin Prenzlauer Berg\" \/>\n<meta property=\"og:description\" content=\"Dr. Cindy Haberland &amp; Dr. Alexander Vlassakidis sind Ihre VACH Zahn\u00e4rzte f\u00fcr Endodontie, Parodontologie und Implantologie in Berlin Prenzlauer Berg.\" \/>\n<meta property=\"og:url\" content=\"https:\/\/vach.berlin\/en\/aerzte\/\" \/>\n<meta property=\"og:site_name\" content=\"VACH Zahn\u00e4rzte Berlin Prenzlauer Berg\" \/>\n<meta property=\"article:modified_time\" content=\"2023-02-06T09:26:15+00:00\" \/>\n<meta name=\"twitter:card\" content=\"summary_large_image\" \/>\n<meta name=\"twitter:label1\" content=\"Est. reading time\" \/>\n\t<meta name=\"twitter:data1\" content=\"3 minutes\" \/>\n<script type=\"application\/ld+json\" class=\"yoast-schema-graph\">{\"@context\":\"https:\\\/\\\/schema.org\",\"@graph\":[{\"@type\":\"WebPage\",\"@id\":\"https:\\\/\\\/vach.berlin\\\/aerzte\\\/\",\"url\":\"https:\\\/\\\/vach.berlin\\\/aerzte\\\/\",\"name\":\"Vlassakidis & Haberland - VACH Zahn\u00e4rzte Berlin Prenzlauer Berg\",\"isPartOf\":{\"@id\":\"https:\\\/\\\/vach.berlin\\\/#website\"},\"datePublished\":\"2022-09-26T12:43:30+00:00\",\"dateModified\":\"2023-02-06T09:26:15+00:00\",\"description\":\"Dr. Cindy Haberland & Dr. Alexander Vlassakidis sind Ihre VACH Zahn\u00e4rzte f\u00fcr Endodontie, Parodontologie und Implantologie in Berlin Prenzlauer Berg.\",\"breadcrumb\":{\"@id\":\"https:\\\/\\\/vach.berlin\\\/aerzte\\\/#breadcrumb\"},\"inLanguage\":\"en-US\",\"potentialAction\":[{\"@type\":\"ReadAction\",\"target\":[\"https:\\\/\\\/vach.berlin\\\/aerzte\\\/\"]}]},{\"@type\":\"BreadcrumbList\",\"@id\":\"https:\\\/\\\/vach.berlin\\\/aerzte\\\/#breadcrumb\",\"itemListElement\":[{\"@type\":\"ListItem\",\"position\":1,\"name\":\"Startseite\",\"item\":\"https:\\\/\\\/vach.berlin\\\/\"},{\"@type\":\"ListItem\",\"position\":2,\"name\":\"\u00c4rzte\"}]},{\"@type\":\"WebSite\",\"@id\":\"https:\\\/\\\/vach.berlin\\\/#website\",\"url\":\"https:\\\/\\\/vach.berlin\\\/\",\"name\":\"VACH Zahn\u00e4rzte Berlin Prenzlauer Berg\",\"description\":\"Parodontologie, Implantologie &amp; Endodontie\",\"potentialAction\":[{\"@type\":\"SearchAction\",\"target\":{\"@type\":\"EntryPoint\",\"urlTemplate\":\"https:\\\/\\\/vach.berlin\\\/?s={search_term_string}\"},\"query-input\":{\"@type\":\"PropertyValueSpecification\",\"valueRequired\":true,\"valueName\":\"search_term_string\"}}],\"inLanguage\":\"en-US\"}]}<\/script>\n<!-- \/ Yoast SEO plugin. -->","yoast_head_json":{"title":"Vlassakidis & Haberland - VACH Zahn\u00e4rzte Berlin Prenzlauer Berg","description":"Dr. Cindy Haberland & Dr. Alexander Vlassakidis sind Ihre VACH Zahn\u00e4rzte f\u00fcr Endodontie, Parodontologie und Implantologie in Berlin Prenzlauer Berg.","robots":{"index":"index","follow":"follow","max-snippet":"max-snippet:-1","max-image-preview":"max-image-preview:large","max-video-preview":"max-video-preview:-1"},"canonical":"https:\/\/vach.berlin\/en\/aerzte\/","og_locale":"en_US","og_type":"article","og_title":"Vlassakidis & Haberland - VACH Zahn\u00e4rzte Berlin Prenzlauer Berg","og_description":"Dr. Cindy Haberland & Dr. Alexander Vlassakidis sind Ihre VACH Zahn\u00e4rzte f\u00fcr Endodontie, Parodontologie und Implantologie in Berlin Prenzlauer Berg.","og_url":"https:\/\/vach.berlin\/en\/aerzte\/","og_site_name":"VACH Zahn\u00e4rzte Berlin Prenzlauer Berg","article_modified_time":"2023-02-06T09:26:15+00:00","twitter_card":"summary_large_image","twitter_misc":{"Est. reading time":"3 minutes"},"schema":{"@context":"https:\/\/schema.org","@graph":[{"@type":"WebPage","@id":"https:\/\/vach.berlin\/aerzte\/","url":"https:\/\/vach.berlin\/aerzte\/","name":"Vlassakidis & Haberland - VACH Zahn\u00e4rzte Berlin Prenzlauer Berg","isPartOf":{"@id":"https:\/\/vach.berlin\/#website"},"datePublished":"2022-09-26T12:43:30+00:00","dateModified":"2023-02-06T09:26:15+00:00","description":"Dr. Cindy Haberland & Dr. Alexander Vlassakidis sind Ihre VACH Zahn\u00e4rzte f\u00fcr Endodontie, Parodontologie und Implantologie in Berlin Prenzlauer Berg.","breadcrumb":{"@id":"https:\/\/vach.berlin\/aerzte\/#breadcrumb"},"inLanguage":"en-US","potentialAction":[{"@type":"ReadAction","target":["https:\/\/vach.berlin\/aerzte\/"]}]},{"@type":"BreadcrumbList","@id":"https:\/\/vach.berlin\/aerzte\/#breadcrumb","itemListElement":[{"@type":"ListItem","position":1,"name":"Startseite","item":"https:\/\/vach.berlin\/"},{"@type":"ListItem","position":2,"name":"\u00c4rzte"}]},{"@type":"WebSite","@id":"https:\/\/vach.berlin\/#website","url":"https:\/\/vach.berlin\/","name":"VACH Zahn\u00e4rzte Berlin Prenzlauer Berg","description":"Parodontologie, Implantologie &amp; Endodontie","potentialAction":[{"@type":"SearchAction","target":{"@type":"EntryPoint","urlTemplate":"https:\/\/vach.berlin\/?s={search_term_string}"},"query-input":{"@type":"PropertyValueSpecification","valueRequired":true,"valueName":"search_term_string"}}],"inLanguage":"en-US"}]}},"_links":{"self":[{"href":"https:\/\/vach.berlin\/en\/wp-json\/wp\/v2\/pages\/70","targetHints":{"allow":["GET"]}}],"collection":[{"href":"https:\/\/vach.berlin\/en\/wp-json\/wp\/v2\/pages"}],"about":[{"href":"https:\/\/vach.berlin\/en\/wp-json\/wp\/v2\/types\/page"}],"author":[{"embeddable":true,"href":"https:\/\/vach.berlin\/en\/wp-json\/wp\/v2\/users\/1"}],"replies":[{"embeddable":true,"href":"https:\/\/vach.berlin\/en\/wp-json\/wp\/v2\/comments?post=70"}],"version-history":[{"count":0,"href":"https:\/\/vach.berlin\/en\/wp-json\/wp\/v2\/pages\/70\/revisions"}],"wp:attachment":[{"href":"https:\/\/vach.berlin\/en\/wp-json\/wp\/v2\/media?parent=70"}],"curies":[{"name":"wp","href":"https:\/\/api.w.org\/{rel}","templated":true}]}}