{"id":68,"date":"2022-09-26T12:43:15","date_gmt":"2022-09-26T12:43:15","guid":{"rendered":"https:\/\/vach.berlin\/?page_id=68"},"modified":"2025-02-07T10:01:35","modified_gmt":"2025-02-07T10:01:35","slug":"behandlungen","status":"publish","type":"page","link":"https:\/\/vach.berlin\/en\/behandlungen\/","title":{"rendered":"Treatment"},"content":{"rendered":"<section class=\"l-section wpb_row us_custom_0bfe0ed4 us_animate_this height_auto width_full\" id=\"parodontologie\"><div class=\"l-section-h i-cf\"><div class=\"g-cols vc_row via_flex valign_middle type_default stacking_default\" style=\"--additional-gap:1rem;\"><div class=\"vc_col-sm-4 wpb_column vc_column_container has_bg_color\"><div class=\"vc_column-inner us_custom_c5bf2eea\"><div class=\"wpb_wrapper\"><\/div><\/div><\/div><div class=\"vc_col-sm-8 wpb_column vc_column_container has_text_color\"><div class=\"vc_column-inner us_custom_ce012706\"><div class=\"vc_column-overlay\" style=\"background:var(--color-content-primary)\"><\/div><div class=\"wpb_wrapper\"><div class=\"wpb_text_column us_custom_81f21468\"><div class=\"wpb_wrapper\"><h2>Periodontology<\/h2>\n<p>Dr Haberland is our expert for effective periodontal therapy. Modern maintenance procedures and regenerative therapy approaches as well as sophisticated biofilm management and supportive prerodontitis therapy depending on the individual risk are the cornerstones of our success-oriented gum treatment.<\/p>\n<\/div><\/div><div class=\"w-btn-wrapper align_none\"><a class=\"w-btn us-btn-style_10\" title=\"Online Appointment\" target=\"_blank\" rel=\"nofollow\" href=\"https:\/\/www.doctolib.de\/praxis\/berlin\/vach-zahnaerzte-dr-cindy-haberland-dr-alexander-vlassakidis\"><span class=\"w-btn-label\">Online Appointment<\/span><\/a><\/div><\/div><\/div><\/div><\/div><\/div><\/section><section class=\"l-section wpb_row us_custom_0bfe0ed4 us_animate_this height_auto width_full\" id=\"implantologie\"><div class=\"l-section-h i-cf\"><div class=\"g-cols vc_row via_flex valign_middle type_default reversed stacking_default\" style=\"--additional-gap:1rem;\"><div class=\"vc_col-sm-8 wpb_column vc_column_container has_text_color\"><div class=\"vc_column-inner us_custom_ce012706\"><div class=\"vc_column-overlay\" style=\"background:#E6363C\"><\/div><div class=\"wpb_wrapper\"><div class=\"wpb_text_column us_custom_81f21468\"><div class=\"wpb_wrapper\"><h2>Implantology<\/h2>\n<p>Surgical interventions are supported by the PRF procedure, which uses autologous blood. We have a digital workflow for everything to do with implants and treat peri-implants and edentulism under the highest hygienic standards.<\/p>\n<\/div><\/div><div class=\"w-btn-wrapper align_none\"><a class=\"w-btn us-btn-style_3\" title=\"Online Appointment\" target=\"_blank\" rel=\"nofollow\" href=\"https:\/\/www.doctolib.de\/praxis\/berlin\/vach-zahnaerzte-dr-cindy-haberland-dr-alexander-vlassakidis\"><span class=\"w-btn-label\">Online Appointment<\/span><\/a><\/div><\/div><\/div><\/div><div class=\"vc_col-sm-4 wpb_column vc_column_container has_bg_color\"><div class=\"vc_column-inner us_custom_eeb1ecd2\"><div class=\"wpb_wrapper\"><\/div><\/div><\/div><\/div><\/div><\/section><section class=\"l-section wpb_row us_custom_0bfe0ed4 us_animate_this height_auto width_full\" id=\"endodontie\"><div class=\"l-section-h i-cf\"><div class=\"g-cols vc_row via_flex valign_middle type_default stacking_default\" style=\"--additional-gap:1rem;\"><div class=\"vc_col-sm-4 wpb_column vc_column_container has_bg_color\"><div class=\"vc_column-inner us_custom_4fe98293\"><div class=\"wpb_wrapper\"><\/div><\/div><\/div><div class=\"vc_col-sm-8 wpb_column vc_column_container has_text_color\"><div class=\"vc_column-inner us_custom_ce012706\"><div class=\"vc_column-overlay\" style=\"background:#1F3C8E\"><\/div><div class=\"wpb_wrapper\"><div class=\"wpb_text_column us_custom_81f21468\"><div class=\"wpb_wrapper\"><h2>Endodontics<\/h2>\n<p>Dr Vlassakidis is our expert for microscope-assisted root canal treatment. To ensure the success of your treatment, we use a disinfection-rinsing protocol, electrical length measurement, mechanical preparation with high-quality disposable instruments, usually in one session (single visit).<\/p>\n<\/div><\/div><div class=\"w-btn-wrapper align_none\"><a class=\"w-btn us-btn-style_4\" title=\"Online Appointment\" target=\"_blank\" rel=\"nofollow\" href=\"https:\/\/www.doctolib.de\/praxis\/berlin\/vach-zahnaerzte-dr-cindy-haberland-dr-alexander-vlassakidis\"><span class=\"w-btn-label\">Online Appointment<\/span><\/a><\/div><\/div><\/div><\/div><\/div><\/div><\/section><section class=\"l-section wpb_row us_custom_0bfe0ed4 us_animate_this height_auto width_full\" id=\"cmd\"><div class=\"l-section-h i-cf\"><div class=\"g-cols vc_row via_flex valign_middle type_default reversed stacking_default\" style=\"--additional-gap:1rem;\"><div class=\"vc_col-sm-8 wpb_column vc_column_container has_text_color\"><div class=\"vc_column-inner us_custom_ce012706\"><div class=\"vc_column-overlay\" style=\"background:#D2CBC3\"><\/div><div class=\"wpb_wrapper\"><div class=\"wpb_text_column us_custom_81f21468\"><div class=\"wpb_wrapper\"><h2>CMD<\/h2>\n<p>Do you grind your teeth and don't want to lose even more enamel? Through detailed diagnostics and interdisciplinary cooperation with physiotherapists, psychotherapists, orthopedists and ear, nose and throat specialists, we can help you with a splint made in our own laboratory and further therapy.<\/p>\n<\/div><\/div><div class=\"w-btn-wrapper align_none\"><a class=\"w-btn us-btn-style_5\" title=\"Online Appointment\" target=\"_blank\" rel=\"nofollow\" href=\"https:\/\/www.doctolib.de\/praxis\/berlin\/vach-zahnaerzte-dr-cindy-haberland-dr-alexander-vlassakidis\"><span class=\"w-btn-label\">Online Appointment<\/span><\/a><\/div><\/div><\/div><\/div><div class=\"vc_col-sm-4 wpb_column vc_column_container has_bg_color\"><div class=\"vc_column-inner us_custom_d2ce11b0\"><div class=\"wpb_wrapper\"><\/div><\/div><\/div><\/div><\/div><\/section><section class=\"l-section wpb_row us_custom_0bfe0ed4 us_animate_this height_auto width_full\" id=\"cerec\"><div class=\"l-section-h i-cf\"><div class=\"g-cols vc_row via_flex valign_middle type_default stacking_default\" style=\"--additional-gap:1rem;\"><div class=\"vc_col-sm-4 wpb_column vc_column_container has_bg_color\"><div class=\"vc_column-inner us_custom_85c06845\"><div class=\"wpb_wrapper\"><\/div><\/div><\/div><div class=\"vc_col-sm-8 wpb_column vc_column_container has_text_color\"><div class=\"vc_column-inner us_custom_ce012706\"><div class=\"vc_column-overlay\" style=\"background:#E5007D\"><\/div><div class=\"wpb_wrapper\"><div class=\"wpb_text_column us_custom_81f21468\"><div class=\"wpb_wrapper\"><h2>CEREC<\/h2>\n<p>The Sirona Cerec System enables us to conveniently fabricate your dentures such as inlays, crowns, partial crowns or bridges in one session. We dentists manufacture your restoration from our own hands and thus avoid unnecessary sources of error. Your all-ceramic crown will be made in a fully digitized process without the hassle of molding material!<\/p>\n<\/div><\/div><div class=\"w-btn-wrapper align_none\"><a class=\"w-btn us-btn-style_6\" title=\"Online Appointment\" target=\"_blank\" rel=\"nofollow\" href=\"https:\/\/www.doctolib.de\/praxis\/berlin\/vach-zahnaerzte-dr-cindy-haberland-dr-alexander-vlassakidis\"><span class=\"w-btn-label\">Online Appointment<\/span><\/a><\/div><\/div><\/div><\/div><\/div><\/div><\/section><section class=\"l-section wpb_row us_custom_0bfe0ed4 us_animate_this height_auto width_full\" id=\"prophylaxe\"><div class=\"l-section-h i-cf\"><div class=\"g-cols vc_row via_flex valign_middle type_default reversed stacking_default\" style=\"--additional-gap:1rem;\"><div class=\"vc_col-sm-8 wpb_column vc_column_container has_text_color\"><div class=\"vc_column-inner us_custom_ce012706\"><div class=\"vc_column-overlay\" style=\"background:#008656\"><\/div><div class=\"wpb_wrapper\"><div class=\"wpb_text_column us_custom_81f21468\"><div class=\"wpb_wrapper\"><h2>Prophylaxis<\/h2>\n<p class=\"translation-block\">Do you want to keep your teeth longer? Regular tooth cleaning <em>(PMPR \u2013 professional mechanical plaque reduction)<\/em> in conjunction with the preventive check-up prevents caries and periodontitis. During our professional tooth cleaning, discoloration, plaque and germs are removed using the latest biofil management process with a gentle powder water jet. Through individual risk assessment, we keep an eye on your oral health!<\/p>\n<\/div><\/div><div class=\"w-btn-wrapper align_none\"><a class=\"w-btn us-btn-style_7\" title=\"Online Appointment\" target=\"_blank\" rel=\"nofollow\" href=\"https:\/\/www.doctolib.de\/praxis\/berlin\/vach-zahnaerzte-dr-cindy-haberland-dr-alexander-vlassakidis\"><span class=\"w-btn-label\">Online Appointment<\/span><\/a><\/div><\/div><\/div><\/div><div class=\"vc_col-sm-4 wpb_column vc_column_container has_bg_color\"><div class=\"vc_column-inner us_custom_2afd77f8\"><div class=\"wpb_wrapper\"><\/div><\/div><\/div><\/div><\/div><\/section><section class=\"l-section wpb_row us_custom_0bfe0ed4 us_animate_this height_auto width_full\" id=\"3d-roentgen\"><div class=\"l-section-h i-cf\"><div class=\"g-cols vc_row via_flex valign_middle type_default stacking_default\" style=\"--additional-gap:1rem;\"><div class=\"vc_col-sm-4 wpb_column vc_column_container has_bg_color\"><div class=\"vc_column-inner us_custom_33f031b7\"><div class=\"wpb_wrapper\"><\/div><\/div><\/div><div class=\"vc_col-sm-8 wpb_column vc_column_container has_text_color\"><div class=\"vc_column-inner us_custom_ce012706\"><div class=\"vc_column-overlay\" style=\"background:#9D4417\"><\/div><div class=\"wpb_wrapper\"><div class=\"wpb_text_column us_custom_81f21468\"><div class=\"wpb_wrapper\"><h2>3D-Roentgen &amp; 3D-Print<\/h2>\n<p>We print in 3D. Models, splints and provisional restorations are produced in our Sprintray 3D printer.<\/p>\n<p>The high-tech X-ray technology DVT (digital volume tomography) enables detailed diagnostics and more reliable planning of all surgical interventions directly on site.<\/p>\n<\/div><\/div><div class=\"w-btn-wrapper align_none\"><a class=\"w-btn us-btn-style_8\" title=\"Online Appointment\" target=\"_blank\" rel=\"nofollow\" href=\"https:\/\/www.doctolib.de\/praxis\/berlin\/vach-zahnaerzte-dr-cindy-haberland-dr-alexander-vlassakidis\"><span class=\"w-btn-label\">Online Appointment<\/span><\/a><\/div><\/div><\/div><\/div><\/div><\/div><\/section><section class=\"l-section wpb_row us_custom_cf88c952 us_animate_this height_auto width_full\" id=\"lachgas\"><div class=\"l-section-h i-cf\"><div class=\"g-cols vc_row via_flex valign_middle type_default reversed stacking_default\" style=\"--additional-gap:1rem;\"><div class=\"vc_col-sm-8 wpb_column vc_column_container has_text_color\"><div class=\"vc_column-inner us_custom_ce012706\"><div class=\"vc_column-overlay\" style=\"background:#FFDD00\"><\/div><div class=\"wpb_wrapper\"><div class=\"wpb_text_column us_custom_6f149dad has_text_color\"><div class=\"wpb_wrapper\"><h2>Sedation<\/h2>\n<p>N2O sedation enables fear-free treatment in full consciousness. It is suitable for children, anxious patients and even reduces the urge to gag. A titrated mixture of oxygen and nitrous oxide (N2O) is inhaled. The laughing gas has completely evaporated just a few minutes after the end of the treatment.<\/p>\n<\/div><\/div><div class=\"w-btn-wrapper align_none\"><a class=\"w-btn us-btn-style_15\" title=\"Online Appointment\" target=\"_blank\" rel=\"nofollow\" href=\"https:\/\/www.doctolib.de\/praxis\/berlin\/vach-zahnaerzte-dr-cindy-haberland-dr-alexander-vlassakidis\"><span class=\"w-btn-label\">Online Appointment<\/span><\/a><\/div><\/div><\/div><\/div><div class=\"vc_col-sm-4 wpb_column vc_column_container has_bg_color\"><div class=\"vc_column-inner us_custom_f4079ad4\"><div class=\"wpb_wrapper\"><\/div><\/div><\/div><\/div><\/div><\/section>","protected":false},"excerpt":{"rendered":"Parodontologie Dr. Haberland ist unsere Expertin f\u00fcr eine effektive Parodontaltherapie. Moderne Erhaltungsverfahren und regenerative Therapieans\u00e4tze sowie ein ausgekl\u00fcgeltes Biofilmmanagement und die unterst\u00fctzende Parodontitistherapie,\u00a0je nach individuellem Risiko, sind die Grundpfeiler unserer erfolgsorientierten Zahnfleischbehandung. Online TerminImplantologie Chirurgische Eingriffe werden bei uns durch das PRF-Verfahren mit der Nutzung von Eigenblut unterst\u00fctzt. Rund um das Implantat haben wir einen...","protected":false},"author":1,"featured_media":0,"parent":0,"menu_order":0,"comment_status":"closed","ping_status":"closed","template":"","meta":{"footnotes":""},"class_list":["post-68","page","type-page","status-publish","hentry"],"yoast_head":"<!-- This site is optimized with the Yoast SEO plugin v27.6 - https:\/\/yoast.com\/product\/yoast-seo-wordpress\/ -->\n<title>Implantologie &amp; Endodontie - VACH Zahn\u00e4rzte Prenzlauer Berg<\/title>\n<meta name=\"description\" content=\"Das Behandlungsspektrum der Zahnarztpraxis VACH in Berlin umfasst Implantologie, Parodontologie, Endodontie und \u00e4sthetische Zahnmedizin.\" \/>\n<meta name=\"robots\" content=\"index, follow, max-snippet:-1, max-image-preview:large, max-video-preview:-1\" \/>\n<link rel=\"canonical\" href=\"https:\/\/vach.berlin\/en\/behandlungen\/\" \/>\n<meta property=\"og:locale\" content=\"en_US\" \/>\n<meta property=\"og:type\" content=\"article\" \/>\n<meta property=\"og:title\" content=\"Implantologie &amp; Endodontie - VACH Zahn\u00e4rzte Prenzlauer Berg\" \/>\n<meta property=\"og:description\" content=\"Das Behandlungsspektrum der Zahnarztpraxis VACH in Berlin umfasst Implantologie, Parodontologie, Endodontie und \u00e4sthetische Zahnmedizin.\" \/>\n<meta property=\"og:url\" content=\"https:\/\/vach.berlin\/en\/behandlungen\/\" \/>\n<meta property=\"og:site_name\" content=\"VACH Zahn\u00e4rzte Berlin Prenzlauer Berg\" \/>\n<meta property=\"article:modified_time\" content=\"2025-02-07T10:01:35+00:00\" \/>\n<meta name=\"twitter:card\" content=\"summary_large_image\" \/>\n<meta name=\"twitter:label1\" content=\"Est. reading time\" \/>\n\t<meta name=\"twitter:data1\" content=\"3 minutes\" \/>\n<script type=\"application\/ld+json\" class=\"yoast-schema-graph\">{\"@context\":\"https:\\\/\\\/schema.org\",\"@graph\":[{\"@type\":\"WebPage\",\"@id\":\"https:\\\/\\\/vach.berlin\\\/behandlungen\\\/\",\"url\":\"https:\\\/\\\/vach.berlin\\\/behandlungen\\\/\",\"name\":\"Implantologie & Endodontie - VACH Zahn\u00e4rzte Prenzlauer Berg\",\"isPartOf\":{\"@id\":\"https:\\\/\\\/vach.berlin\\\/#website\"},\"datePublished\":\"2022-09-26T12:43:15+00:00\",\"dateModified\":\"2025-02-07T10:01:35+00:00\",\"description\":\"Das Behandlungsspektrum der Zahnarztpraxis VACH in Berlin umfasst Implantologie, Parodontologie, Endodontie und \u00e4sthetische Zahnmedizin.\",\"breadcrumb\":{\"@id\":\"https:\\\/\\\/vach.berlin\\\/behandlungen\\\/#breadcrumb\"},\"inLanguage\":\"en-US\",\"potentialAction\":[{\"@type\":\"ReadAction\",\"target\":[\"https:\\\/\\\/vach.berlin\\\/behandlungen\\\/\"]}]},{\"@type\":\"BreadcrumbList\",\"@id\":\"https:\\\/\\\/vach.berlin\\\/behandlungen\\\/#breadcrumb\",\"itemListElement\":[{\"@type\":\"ListItem\",\"position\":1,\"name\":\"Startseite\",\"item\":\"https:\\\/\\\/vach.berlin\\\/\"},{\"@type\":\"ListItem\",\"position\":2,\"name\":\"Behandlungen\"}]},{\"@type\":\"WebSite\",\"@id\":\"https:\\\/\\\/vach.berlin\\\/#website\",\"url\":\"https:\\\/\\\/vach.berlin\\\/\",\"name\":\"VACH Zahn\u00e4rzte Berlin Prenzlauer Berg\",\"description\":\"Parodontologie, Implantologie &amp; Endodontie\",\"potentialAction\":[{\"@type\":\"SearchAction\",\"target\":{\"@type\":\"EntryPoint\",\"urlTemplate\":\"https:\\\/\\\/vach.berlin\\\/?s={search_term_string}\"},\"query-input\":{\"@type\":\"PropertyValueSpecification\",\"valueRequired\":true,\"valueName\":\"search_term_string\"}}],\"inLanguage\":\"en-US\"}]}<\/script>\n<!-- \/ Yoast SEO plugin. -->","yoast_head_json":{"title":"Implantologie & Endodontie - VACH Zahn\u00e4rzte Prenzlauer Berg","description":"Das Behandlungsspektrum der Zahnarztpraxis VACH in Berlin umfasst Implantologie, Parodontologie, Endodontie und \u00e4sthetische Zahnmedizin.","robots":{"index":"index","follow":"follow","max-snippet":"max-snippet:-1","max-image-preview":"max-image-preview:large","max-video-preview":"max-video-preview:-1"},"canonical":"https:\/\/vach.berlin\/en\/behandlungen\/","og_locale":"en_US","og_type":"article","og_title":"Implantologie & Endodontie - VACH Zahn\u00e4rzte Prenzlauer Berg","og_description":"Das Behandlungsspektrum der Zahnarztpraxis VACH in Berlin umfasst Implantologie, Parodontologie, Endodontie und \u00e4sthetische Zahnmedizin.","og_url":"https:\/\/vach.berlin\/en\/behandlungen\/","og_site_name":"VACH Zahn\u00e4rzte Berlin Prenzlauer Berg","article_modified_time":"2025-02-07T10:01:35+00:00","twitter_card":"summary_large_image","twitter_misc":{"Est. reading time":"3 minutes"},"schema":{"@context":"https:\/\/schema.org","@graph":[{"@type":"WebPage","@id":"https:\/\/vach.berlin\/behandlungen\/","url":"https:\/\/vach.berlin\/behandlungen\/","name":"Implantologie & Endodontie - VACH Zahn\u00e4rzte Prenzlauer Berg","isPartOf":{"@id":"https:\/\/vach.berlin\/#website"},"datePublished":"2022-09-26T12:43:15+00:00","dateModified":"2025-02-07T10:01:35+00:00","description":"Das Behandlungsspektrum der Zahnarztpraxis VACH in Berlin umfasst Implantologie, Parodontologie, Endodontie und \u00e4sthetische Zahnmedizin.","breadcrumb":{"@id":"https:\/\/vach.berlin\/behandlungen\/#breadcrumb"},"inLanguage":"en-US","potentialAction":[{"@type":"ReadAction","target":["https:\/\/vach.berlin\/behandlungen\/"]}]},{"@type":"BreadcrumbList","@id":"https:\/\/vach.berlin\/behandlungen\/#breadcrumb","itemListElement":[{"@type":"ListItem","position":1,"name":"Startseite","item":"https:\/\/vach.berlin\/"},{"@type":"ListItem","position":2,"name":"Behandlungen"}]},{"@type":"WebSite","@id":"https:\/\/vach.berlin\/#website","url":"https:\/\/vach.berlin\/","name":"VACH Zahn\u00e4rzte Berlin Prenzlauer Berg","description":"Parodontologie, Implantologie &amp; Endodontie","potentialAction":[{"@type":"SearchAction","target":{"@type":"EntryPoint","urlTemplate":"https:\/\/vach.berlin\/?s={search_term_string}"},"query-input":{"@type":"PropertyValueSpecification","valueRequired":true,"valueName":"search_term_string"}}],"inLanguage":"en-US"}]}},"_links":{"self":[{"href":"https:\/\/vach.berlin\/en\/wp-json\/wp\/v2\/pages\/68","targetHints":{"allow":["GET"]}}],"collection":[{"href":"https:\/\/vach.berlin\/en\/wp-json\/wp\/v2\/pages"}],"about":[{"href":"https:\/\/vach.berlin\/en\/wp-json\/wp\/v2\/types\/page"}],"author":[{"embeddable":true,"href":"https:\/\/vach.berlin\/en\/wp-json\/wp\/v2\/users\/1"}],"replies":[{"embeddable":true,"href":"https:\/\/vach.berlin\/en\/wp-json\/wp\/v2\/comments?post=68"}],"version-history":[{"count":1,"href":"https:\/\/vach.berlin\/en\/wp-json\/wp\/v2\/pages\/68\/revisions"}],"predecessor-version":[{"id":1053,"href":"https:\/\/vach.berlin\/en\/wp-json\/wp\/v2\/pages\/68\/revisions\/1053"}],"wp:attachment":[{"href":"https:\/\/vach.berlin\/en\/wp-json\/wp\/v2\/media?parent=68"}],"curies":[{"name":"wp","href":"https:\/\/api.w.org\/{rel}","templated":true}]}}