{"id":78,"date":"2022-09-26T12:44:42","date_gmt":"2022-09-26T12:44:42","guid":{"rendered":"https:\/\/vach.berlin\/?page_id=78"},"modified":"2022-11-10T11:50:06","modified_gmt":"2022-11-10T11:50:06","slug":"fuer-ueberweiser","status":"publish","type":"page","link":"https:\/\/vach.berlin\/de_de\/fuer-ueberweiser\/","title":{"rendered":"F\u00fcr \u00dcberweiser"},"content":{"rendered":"<section class=\"l-section wpb_row us_custom_c1d98587 us_animate_this height_medium full_height valign_center color_secondary\"><div class=\"l-section-overlay\" style=\"background:#14453B\"><\/div><div class=\"l-section-h i-cf\"><div class=\"g-cols vc_row via_flex valign_top type_default stacking_default\"><div class=\"vc_col-sm-12 wpb_column vc_column_container\"><div class=\"vc_column-inner us_custom_81f21468\"><div class=\"wpb_wrapper\"><div class=\"wpb_text_column us_custom_6981e56b\"><div class=\"wpb_wrapper\"><h1>Professionelles Netzwerk f\u00fcr Zahnmedizin<\/h1>\n<\/div><\/div><\/div><\/div><\/div><div class=\"vc_col-sm-4 wpb_column vc_column_container\"><div class=\"vc_column-inner\"><div class=\"wpb_wrapper\"><div class=\"wpb_text_column us_custom_b65a8ddf\"><div class=\"wpb_wrapper\"><p>Parodontologie<br \/>\nImplantologie<br \/>\nEndodontie<\/p>\n<\/div><\/div><\/div><\/div><\/div><div class=\"vc_col-sm-4 wpb_column vc_column_container\"><div class=\"vc_column-inner\"><div class=\"wpb_wrapper\"><div class=\"wpb_text_column\"><div class=\"wpb_wrapper\"><p>Sehr geehrte Kolleg:innen, als spezialisierte Zahn\u00e4rzte in den Bereichen Parodontologie, Endodontologie und Implantologie bieten wir Ihnen in diesem Rahmen Kooperationsm\u00f6glichkeiten an. Je nach Wunsch k\u00f6nnen auf einem oder mehreren der genannten Spezialgebiete Behandlungen bei Ihren Patienten durchgef\u00fchrt werden.<\/p>\n<\/div><\/div><\/div><\/div><\/div><div class=\"vc_col-sm-4 wpb_column vc_column_container\"><div class=\"vc_column-inner\"><div class=\"wpb_wrapper\"><div class=\"wpb_text_column us_custom_c6de7416\"><div class=\"wpb_wrapper\"><p>Nach erfolgreichem Abschluss der Behandlung kehrt der Patient zur Weiterversorgung in Ihre Praxis zur\u00fcck. Die Nachsorge kann wahlweise durch uns oder auch durch Ihre Praxis erfolgen. Selbstverst\u00e4ndlich besteht f\u00fcr Sie in allen Behandlungsphasen die M\u00f6glichkeit zu hospitieren\/assistieren.<\/p>\n<p>Wir freuen uns auf die Zusammenarbeit.<\/p>\n<\/div><\/div><div class=\"w-btn-wrapper align_none\"><a class=\"w-btn us-btn-style_17\" title=\"\u00dcberweiserformular\" href=\"https:\/\/vach.berlin\/fuer-ueberweiser\/ueberweiserformular\/\"><span class=\"w-btn-label\">Ja, ich will \u00dcberweiser werden!<\/span><\/a><\/div><\/div><\/div><\/div><\/div><\/div><\/section>\n","protected":false},"excerpt":{"rendered":"Professionelles Netzwerk f\u00fcr Zahnmedizin Parodontologie Implantologie Endodontie Sehr geehrte Kolleg:innen, als spezialisierte Zahn\u00e4rzte in den Bereichen Parodontologie, Endodontologie und Implantologie bieten wir Ihnen in diesem Rahmen Kooperationsm\u00f6glichkeiten an. Je nach Wunsch k\u00f6nnen auf einem oder mehreren der genannten Spezialgebiete Behandlungen bei Ihren Patienten durchgef\u00fchrt werden. Nach erfolgreichem Abschluss der Behandlung kehrt der Patient zur Weiterversorgung...","protected":false},"author":1,"featured_media":0,"parent":0,"menu_order":0,"comment_status":"closed","ping_status":"closed","template":"","meta":{"footnotes":""},"class_list":["post-78","page","type-page","status-publish","hentry"],"yoast_head":"<!-- This site is optimized with the Yoast SEO plugin v27.5 - https:\/\/yoast.com\/product\/yoast-seo-wordpress\/ -->\n<title>F\u00fcr \u00dcberweiser - VACH Zahn\u00e4rzte Berlin Prenzlauer Berg<\/title>\n<meta name=\"description\" content=\"Spezialisierte Zahnarztpraxis f\u00fcr \u00dcberweiser in Berlin Prenzlauer Berg. Effektive Zusammenarbeit zum Wohle des Patienten. VACH Zahn\u00e4rzte.\" \/>\n<meta name=\"robots\" content=\"index, follow, max-snippet:-1, max-image-preview:large, max-video-preview:-1\" \/>\n<link rel=\"canonical\" href=\"https:\/\/vach.berlin\/de_de\/fuer-ueberweiser\/\" \/>\n<meta property=\"og:locale\" content=\"de_DE\" \/>\n<meta property=\"og:type\" content=\"article\" \/>\n<meta property=\"og:title\" content=\"F\u00fcr \u00dcberweiser - VACH Zahn\u00e4rzte Berlin Prenzlauer Berg\" \/>\n<meta property=\"og:description\" content=\"Spezialisierte Zahnarztpraxis f\u00fcr \u00dcberweiser in Berlin Prenzlauer Berg. Effektive Zusammenarbeit zum Wohle des Patienten. VACH Zahn\u00e4rzte.\" \/>\n<meta property=\"og:url\" content=\"https:\/\/vach.berlin\/de_de\/fuer-ueberweiser\/\" \/>\n<meta property=\"og:site_name\" content=\"VACH Zahn\u00e4rzte Berlin Prenzlauer Berg\" \/>\n<meta property=\"article:modified_time\" content=\"2022-11-10T11:50:06+00:00\" \/>\n<meta name=\"twitter:card\" content=\"summary_large_image\" \/>\n<meta name=\"twitter:label1\" content=\"Gesch\u00e4tzte Lesezeit\" \/>\n\t<meta name=\"twitter:data1\" content=\"1\u00a0Minute\" \/>\n<script type=\"application\/ld+json\" class=\"yoast-schema-graph\">{\"@context\":\"https:\\\/\\\/schema.org\",\"@graph\":[{\"@type\":\"WebPage\",\"@id\":\"https:\\\/\\\/vach.berlin\\\/fuer-ueberweiser\\\/\",\"url\":\"https:\\\/\\\/vach.berlin\\\/fuer-ueberweiser\\\/\",\"name\":\"F\u00fcr \u00dcberweiser - VACH Zahn\u00e4rzte Berlin Prenzlauer Berg\",\"isPartOf\":{\"@id\":\"https:\\\/\\\/vach.berlin\\\/#website\"},\"datePublished\":\"2022-09-26T12:44:42+00:00\",\"dateModified\":\"2022-11-10T11:50:06+00:00\",\"description\":\"Spezialisierte Zahnarztpraxis f\u00fcr \u00dcberweiser in Berlin Prenzlauer Berg. Effektive Zusammenarbeit zum Wohle des Patienten. VACH Zahn\u00e4rzte.\",\"breadcrumb\":{\"@id\":\"https:\\\/\\\/vach.berlin\\\/fuer-ueberweiser\\\/#breadcrumb\"},\"inLanguage\":\"de\",\"potentialAction\":[{\"@type\":\"ReadAction\",\"target\":[\"https:\\\/\\\/vach.berlin\\\/fuer-ueberweiser\\\/\"]}]},{\"@type\":\"BreadcrumbList\",\"@id\":\"https:\\\/\\\/vach.berlin\\\/fuer-ueberweiser\\\/#breadcrumb\",\"itemListElement\":[{\"@type\":\"ListItem\",\"position\":1,\"name\":\"Startseite\",\"item\":\"https:\\\/\\\/vach.berlin\\\/\"},{\"@type\":\"ListItem\",\"position\":2,\"name\":\"F\u00fcr \u00dcberweiser\"}]},{\"@type\":\"WebSite\",\"@id\":\"https:\\\/\\\/vach.berlin\\\/#website\",\"url\":\"https:\\\/\\\/vach.berlin\\\/\",\"name\":\"VACH Zahn\u00e4rzte Berlin Prenzlauer Berg\",\"description\":\"Parodontologie, Implantologie &amp; Endodontie\",\"potentialAction\":[{\"@type\":\"SearchAction\",\"target\":{\"@type\":\"EntryPoint\",\"urlTemplate\":\"https:\\\/\\\/vach.berlin\\\/?s={search_term_string}\"},\"query-input\":{\"@type\":\"PropertyValueSpecification\",\"valueRequired\":true,\"valueName\":\"search_term_string\"}}],\"inLanguage\":\"de\"}]}<\/script>\n<!-- \/ Yoast SEO plugin. -->","yoast_head_json":{"title":"F\u00fcr \u00dcberweiser - VACH Zahn\u00e4rzte Berlin Prenzlauer Berg","description":"Spezialisierte Zahnarztpraxis f\u00fcr \u00dcberweiser in Berlin Prenzlauer Berg. Effektive Zusammenarbeit zum Wohle des Patienten. VACH Zahn\u00e4rzte.","robots":{"index":"index","follow":"follow","max-snippet":"max-snippet:-1","max-image-preview":"max-image-preview:large","max-video-preview":"max-video-preview:-1"},"canonical":"https:\/\/vach.berlin\/de_de\/fuer-ueberweiser\/","og_locale":"de_DE","og_type":"article","og_title":"F\u00fcr \u00dcberweiser - VACH Zahn\u00e4rzte Berlin Prenzlauer Berg","og_description":"Spezialisierte Zahnarztpraxis f\u00fcr \u00dcberweiser in Berlin Prenzlauer Berg. Effektive Zusammenarbeit zum Wohle des Patienten. VACH Zahn\u00e4rzte.","og_url":"https:\/\/vach.berlin\/de_de\/fuer-ueberweiser\/","og_site_name":"VACH Zahn\u00e4rzte Berlin Prenzlauer Berg","article_modified_time":"2022-11-10T11:50:06+00:00","twitter_card":"summary_large_image","twitter_misc":{"Gesch\u00e4tzte Lesezeit":"1\u00a0Minute"},"schema":{"@context":"https:\/\/schema.org","@graph":[{"@type":"WebPage","@id":"https:\/\/vach.berlin\/fuer-ueberweiser\/","url":"https:\/\/vach.berlin\/fuer-ueberweiser\/","name":"F\u00fcr \u00dcberweiser - VACH Zahn\u00e4rzte Berlin Prenzlauer Berg","isPartOf":{"@id":"https:\/\/vach.berlin\/#website"},"datePublished":"2022-09-26T12:44:42+00:00","dateModified":"2022-11-10T11:50:06+00:00","description":"Spezialisierte Zahnarztpraxis f\u00fcr \u00dcberweiser in Berlin Prenzlauer Berg. Effektive Zusammenarbeit zum Wohle des Patienten. VACH Zahn\u00e4rzte.","breadcrumb":{"@id":"https:\/\/vach.berlin\/fuer-ueberweiser\/#breadcrumb"},"inLanguage":"de","potentialAction":[{"@type":"ReadAction","target":["https:\/\/vach.berlin\/fuer-ueberweiser\/"]}]},{"@type":"BreadcrumbList","@id":"https:\/\/vach.berlin\/fuer-ueberweiser\/#breadcrumb","itemListElement":[{"@type":"ListItem","position":1,"name":"Startseite","item":"https:\/\/vach.berlin\/"},{"@type":"ListItem","position":2,"name":"F\u00fcr \u00dcberweiser"}]},{"@type":"WebSite","@id":"https:\/\/vach.berlin\/#website","url":"https:\/\/vach.berlin\/","name":"VACH Zahn\u00e4rzte Berlin Prenzlauer Berg","description":"Parodontologie, Implantologie &amp; Endodontie","potentialAction":[{"@type":"SearchAction","target":{"@type":"EntryPoint","urlTemplate":"https:\/\/vach.berlin\/?s={search_term_string}"},"query-input":{"@type":"PropertyValueSpecification","valueRequired":true,"valueName":"search_term_string"}}],"inLanguage":"de"}]}},"_links":{"self":[{"href":"https:\/\/vach.berlin\/de_de\/wp-json\/wp\/v2\/pages\/78","targetHints":{"allow":["GET"]}}],"collection":[{"href":"https:\/\/vach.berlin\/de_de\/wp-json\/wp\/v2\/pages"}],"about":[{"href":"https:\/\/vach.berlin\/de_de\/wp-json\/wp\/v2\/types\/page"}],"author":[{"embeddable":true,"href":"https:\/\/vach.berlin\/de_de\/wp-json\/wp\/v2\/users\/1"}],"replies":[{"embeddable":true,"href":"https:\/\/vach.berlin\/de_de\/wp-json\/wp\/v2\/comments?post=78"}],"version-history":[{"count":0,"href":"https:\/\/vach.berlin\/de_de\/wp-json\/wp\/v2\/pages\/78\/revisions"}],"wp:attachment":[{"href":"https:\/\/vach.berlin\/de_de\/wp-json\/wp\/v2\/media?parent=78"}],"curies":[{"name":"wp","href":"https:\/\/api.w.org\/{rel}","templated":true}]}}