{"id":68,"date":"2022-09-26T12:43:15","date_gmt":"2022-09-26T12:43:15","guid":{"rendered":"https:\/\/vach.berlin\/?page_id=68"},"modified":"2025-02-07T10:01:35","modified_gmt":"2025-02-07T10:01:35","slug":"behandlungen","status":"publish","type":"page","link":"https:\/\/vach.berlin\/de_de\/behandlungen\/","title":{"rendered":"Behandlungen"},"content":{"rendered":"<section class=\"l-section wpb_row us_custom_0bfe0ed4 us_animate_this height_auto width_full\" id=\"parodontologie\"><div class=\"l-section-h i-cf\"><div class=\"g-cols vc_row via_flex valign_middle type_default stacking_default\" style=\"--additional-gap:1rem;\"><div class=\"vc_col-sm-4 wpb_column vc_column_container has_bg_color\"><div class=\"vc_column-inner us_custom_c5bf2eea\"><div class=\"wpb_wrapper\"><\/div><\/div><\/div><div class=\"vc_col-sm-8 wpb_column vc_column_container has_text_color\"><div class=\"vc_column-inner us_custom_ce012706\"><div class=\"vc_column-overlay\" style=\"background:var(--color-content-primary)\"><\/div><div class=\"wpb_wrapper\"><div class=\"wpb_text_column us_custom_81f21468\"><div class=\"wpb_wrapper\"><h2>Parodontologie<\/h2>\n<p>Dr. Haberland ist unsere Expertin f\u00fcr eine effektive Parodontaltherapie. Moderne Erhaltungsverfahren und regenerative Therapieans\u00e4tze sowie ein ausgekl\u00fcgeltes Biofilmmanagement und die unterst\u00fctzende Parodontitistherapie,\u00a0je nach individuellem Risiko, sind die Grundpfeiler unserer erfolgsorientierten Zahnfleischbehandung.<\/p>\n<\/div><\/div><div class=\"w-btn-wrapper align_none\"><a class=\"w-btn us-btn-style_10\" title=\"Online Termin\" target=\"_blank\" rel=\"nofollow\" href=\"https:\/\/www.doctolib.de\/praxis\/berlin\/vach-zahnaerzte-dr-cindy-haberland-dr-alexander-vlassakidis\"><span class=\"w-btn-label\">Online Termin<\/span><\/a><\/div><\/div><\/div><\/div><\/div><\/div><\/section><section class=\"l-section wpb_row us_custom_0bfe0ed4 us_animate_this height_auto width_full\" id=\"implantologie\"><div class=\"l-section-h i-cf\"><div class=\"g-cols vc_row via_flex valign_middle type_default reversed stacking_default\" style=\"--additional-gap:1rem;\"><div class=\"vc_col-sm-8 wpb_column vc_column_container has_text_color\"><div class=\"vc_column-inner us_custom_ce012706\"><div class=\"vc_column-overlay\" style=\"background:#E6363C\"><\/div><div class=\"wpb_wrapper\"><div class=\"wpb_text_column us_custom_81f21468\"><div class=\"wpb_wrapper\"><h2>Implantologie<\/h2>\n<p>Chirurgische Eingriffe werden bei uns durch das PRF-Verfahren mit der Nutzung von Eigenblut unterst\u00fctzt. Rund um das Implantat haben wir einen digitalen Workflow und behandeln Periimplantis und Zahnlosigkeit unter h\u00f6chsten hygienischen Standards.<\/p>\n<\/div><\/div><div class=\"w-btn-wrapper align_none\"><a class=\"w-btn us-btn-style_3\" title=\"Online Termin\" target=\"_blank\" rel=\"nofollow\" href=\"https:\/\/www.doctolib.de\/praxis\/berlin\/vach-zahnaerzte-dr-cindy-haberland-dr-alexander-vlassakidis\"><span class=\"w-btn-label\">Online Termin<\/span><\/a><\/div><\/div><\/div><\/div><div class=\"vc_col-sm-4 wpb_column vc_column_container has_bg_color\"><div class=\"vc_column-inner us_custom_eeb1ecd2\"><div class=\"wpb_wrapper\"><\/div><\/div><\/div><\/div><\/div><\/section><section class=\"l-section wpb_row us_custom_0bfe0ed4 us_animate_this height_auto width_full\" id=\"endodontie\"><div class=\"l-section-h i-cf\"><div class=\"g-cols vc_row via_flex valign_middle type_default stacking_default\" style=\"--additional-gap:1rem;\"><div class=\"vc_col-sm-4 wpb_column vc_column_container has_bg_color\"><div class=\"vc_column-inner us_custom_4fe98293\"><div class=\"wpb_wrapper\"><\/div><\/div><\/div><div class=\"vc_col-sm-8 wpb_column vc_column_container has_text_color\"><div class=\"vc_column-inner us_custom_ce012706\"><div class=\"vc_column-overlay\" style=\"background:#1F3C8E\"><\/div><div class=\"wpb_wrapper\"><div class=\"wpb_text_column us_custom_81f21468\"><div class=\"wpb_wrapper\"><h2>Endodontie<\/h2>\n<p>Dr. Vlassakidis ist unser Experte f\u00fcr die Mikroskop unterst\u00fctzte Wurzelkanalbehandlung. Zur Sicherung des Behandlungserfolges nutzen wir ein Desinfektions-Sp\u00fclprotokoll, elektrische L\u00e4ngenmessung, maschinelle Aufbereitung mit hochwertigen Einmalinstrumenten in \u00fcblicherweise einer Sitzung (Single-Visit).<\/p>\n<\/div><\/div><div class=\"w-btn-wrapper align_none\"><a class=\"w-btn us-btn-style_4\" title=\"Online Termin\" target=\"_blank\" rel=\"nofollow\" href=\"https:\/\/www.doctolib.de\/praxis\/berlin\/vach-zahnaerzte-dr-cindy-haberland-dr-alexander-vlassakidis\"><span class=\"w-btn-label\">Online Termin<\/span><\/a><\/div><\/div><\/div><\/div><\/div><\/div><\/section><section class=\"l-section wpb_row us_custom_0bfe0ed4 us_animate_this height_auto width_full\" id=\"cmd\"><div class=\"l-section-h i-cf\"><div class=\"g-cols vc_row via_flex valign_middle type_default reversed stacking_default\" style=\"--additional-gap:1rem;\"><div class=\"vc_col-sm-8 wpb_column vc_column_container has_text_color\"><div class=\"vc_column-inner us_custom_ce012706\"><div class=\"vc_column-overlay\" style=\"background:#D2CBC3\"><\/div><div class=\"wpb_wrapper\"><div class=\"wpb_text_column us_custom_81f21468\"><div class=\"wpb_wrapper\"><h2>CMD<\/h2>\n<p>Sie knirschen mit Ihren Z\u00e4hnen und m\u00f6chten nicht noch mehr Zahnschmelz verlieren? Durch ausf\u00fchrliche Diagnostik und interdisziplin\u00e4re Zusammenarbeit mit Physiotherapeuten, Psychotherapeuten, Orthop\u00e4den und Hals-Nasen-Ohren\u00e4rzten k\u00f6nnen wir Ihnen mit einer bei uns im Eigenlabor gefertigten Schiene und weiterf\u00fchrenden Therapie helfen.<\/p>\n<\/div><\/div><div class=\"w-btn-wrapper align_none\"><a class=\"w-btn us-btn-style_5\" title=\"Online Termin\" target=\"_blank\" rel=\"nofollow\" href=\"https:\/\/www.doctolib.de\/praxis\/berlin\/vach-zahnaerzte-dr-cindy-haberland-dr-alexander-vlassakidis\"><span class=\"w-btn-label\">Online Termin<\/span><\/a><\/div><\/div><\/div><\/div><div class=\"vc_col-sm-4 wpb_column vc_column_container has_bg_color\"><div class=\"vc_column-inner us_custom_d2ce11b0\"><div class=\"wpb_wrapper\"><\/div><\/div><\/div><\/div><\/div><\/section><section class=\"l-section wpb_row us_custom_0bfe0ed4 us_animate_this height_auto width_full\" id=\"cerec\"><div class=\"l-section-h i-cf\"><div class=\"g-cols vc_row via_flex valign_middle type_default stacking_default\" style=\"--additional-gap:1rem;\"><div class=\"vc_col-sm-4 wpb_column vc_column_container has_bg_color\"><div class=\"vc_column-inner us_custom_85c06845\"><div class=\"wpb_wrapper\"><\/div><\/div><\/div><div class=\"vc_col-sm-8 wpb_column vc_column_container has_text_color\"><div class=\"vc_column-inner us_custom_ce012706\"><div class=\"vc_column-overlay\" style=\"background:#E5007D\"><\/div><div class=\"wpb_wrapper\"><div class=\"wpb_text_column us_custom_81f21468\"><div class=\"wpb_wrapper\"><h2>CEREC<\/h2>\n<p>Das Sirona Cerec System erm\u00f6glicht uns Ihren Zahnersatz wie Inlays, Kronen, Teilkronen oder Br\u00fccken ganz bequem in einer Sitzung herzustellen. Wir fertigen Ihre Versorgung aus eigener Hand und vermeiden so unn\u00f6tige Fehlerquellen. Ihre vollkeramische Krone wird ohne l\u00e4stiges Abformmaterial in einem voll digitalisiertem Ablauf hergestellt.<\/p>\n<\/div><\/div><div class=\"w-btn-wrapper align_none\"><a class=\"w-btn us-btn-style_6\" title=\"Online Termin\" target=\"_blank\" rel=\"nofollow\" href=\"https:\/\/www.doctolib.de\/praxis\/berlin\/vach-zahnaerzte-dr-cindy-haberland-dr-alexander-vlassakidis\"><span class=\"w-btn-label\">Online Termin<\/span><\/a><\/div><\/div><\/div><\/div><\/div><\/div><\/section><section class=\"l-section wpb_row us_custom_0bfe0ed4 us_animate_this height_auto width_full\" id=\"prophylaxe\"><div class=\"l-section-h i-cf\"><div class=\"g-cols vc_row via_flex valign_middle type_default reversed stacking_default\" style=\"--additional-gap:1rem;\"><div class=\"vc_col-sm-8 wpb_column vc_column_container has_text_color\"><div class=\"vc_column-inner us_custom_ce012706\"><div class=\"vc_column-overlay\" style=\"background:#008656\"><\/div><div class=\"wpb_wrapper\"><div class=\"wpb_text_column us_custom_81f21468\"><div class=\"wpb_wrapper\"><h2>Prophylaxe<\/h2>\n<p>Sie wollen Ihre Z\u00e4hne lange erhalten? Eine regelm\u00e4\u00dfige Zahnreinigung <em>(PMPR &#8211; professional mechanical plaque reduction)<\/em> verhindert in Verbindung mit der Vorsorgeuntersuchung Karies und Parodontitis. Bei unserer professionellen Zahnreinigung werden nach dem neuesten Verfahren des Biofilmmanagements mit einem sanften Pulverwasserstrahl Verf\u00e4rbungen, Plaque und Keime entfernt. Durch die individuelle Risikobestimmung behalten wir Ihre Mundgesundheit im Auge!<\/p>\n<\/div><\/div><div class=\"w-btn-wrapper align_none\"><a class=\"w-btn us-btn-style_7\" title=\"Online Termin\" target=\"_blank\" rel=\"nofollow\" href=\"https:\/\/www.doctolib.de\/praxis\/berlin\/vach-zahnaerzte-dr-cindy-haberland-dr-alexander-vlassakidis\"><span class=\"w-btn-label\">Online Termin<\/span><\/a><\/div><\/div><\/div><\/div><div class=\"vc_col-sm-4 wpb_column vc_column_container has_bg_color\"><div class=\"vc_column-inner us_custom_2afd77f8\"><div class=\"wpb_wrapper\"><\/div><\/div><\/div><\/div><\/div><\/section><section class=\"l-section wpb_row us_custom_0bfe0ed4 us_animate_this height_auto width_full\" id=\"3d-roentgen\"><div class=\"l-section-h i-cf\"><div class=\"g-cols vc_row via_flex valign_middle type_default stacking_default\" style=\"--additional-gap:1rem;\"><div class=\"vc_col-sm-4 wpb_column vc_column_container has_bg_color\"><div class=\"vc_column-inner us_custom_33f031b7\"><div class=\"wpb_wrapper\"><\/div><\/div><\/div><div class=\"vc_col-sm-8 wpb_column vc_column_container has_text_color\"><div class=\"vc_column-inner us_custom_ce012706\"><div class=\"vc_column-overlay\" style=\"background:#9D4417\"><\/div><div class=\"wpb_wrapper\"><div class=\"wpb_text_column us_custom_81f21468\"><div class=\"wpb_wrapper\"><h2>3D-R\u00f6ntgen + 3D-Druck<\/h2>\n<p>Modelle, Schienen und provisorische Versorgungen werden bei uns im 3D-Drucker von Sprintray hergestellt.<\/p>\n<p>Die high-tech R\u00f6ntgentechnologie DVT (Digitale Volumen Tomographie) erm\u00f6glicht eine detailgenaue Diagnostik und eine sicherere Planung aller operativer Eingriffe direkt vor Ort.<\/p>\n<\/div><\/div><div class=\"w-btn-wrapper align_none\"><a class=\"w-btn us-btn-style_8\" title=\"Online Termin\" target=\"_blank\" rel=\"nofollow\" href=\"https:\/\/www.doctolib.de\/praxis\/berlin\/vach-zahnaerzte-dr-cindy-haberland-dr-alexander-vlassakidis\"><span class=\"w-btn-label\">Online Termin<\/span><\/a><\/div><\/div><\/div><\/div><\/div><\/div><\/section><section class=\"l-section wpb_row us_custom_cf88c952 us_animate_this height_auto width_full\" id=\"lachgas\"><div class=\"l-section-h i-cf\"><div class=\"g-cols vc_row via_flex valign_middle type_default reversed stacking_default\" style=\"--additional-gap:1rem;\"><div class=\"vc_col-sm-8 wpb_column vc_column_container has_text_color\"><div class=\"vc_column-inner us_custom_ce012706\"><div class=\"vc_column-overlay\" style=\"background:#FFDD00\"><\/div><div class=\"wpb_wrapper\"><div class=\"wpb_text_column us_custom_6f149dad has_text_color\"><div class=\"wpb_wrapper\"><h2>Lachgas Sedierung<\/h2>\n<p>Die N2O-Sedierung erm\u00f6glicht eine angstfreie Behandlung bei vollem Bewusstsein. Sie ist geeignet f\u00fcr Kinder, Angstpatienten und verringert sogar den W\u00fcrgereiz. Dabei wird ein Gemisch aus Sauerstoff und Lachgas (N2O) titriert eingeatmet. Schon wenige\u00a0Minuten nach Beendigung der Behandlung ist das Lachgas vollst\u00e4ndig verflogen.<\/p>\n<\/div><\/div><div class=\"w-btn-wrapper align_none\"><a class=\"w-btn us-btn-style_15\" title=\"Online Termin\" target=\"_blank\" rel=\"nofollow\" href=\"https:\/\/www.doctolib.de\/praxis\/berlin\/vach-zahnaerzte-dr-cindy-haberland-dr-alexander-vlassakidis\"><span class=\"w-btn-label\">Online Termin<\/span><\/a><\/div><\/div><\/div><\/div><div class=\"vc_col-sm-4 wpb_column vc_column_container has_bg_color\"><div class=\"vc_column-inner us_custom_f4079ad4\"><div class=\"wpb_wrapper\"><\/div><\/div><\/div><\/div><\/div><\/section>\n","protected":false},"excerpt":{"rendered":"Parodontologie Dr. Haberland ist unsere Expertin f\u00fcr eine effektive Parodontaltherapie. Moderne Erhaltungsverfahren und regenerative Therapieans\u00e4tze sowie ein ausgekl\u00fcgeltes Biofilmmanagement und die unterst\u00fctzende Parodontitistherapie,\u00a0je nach individuellem Risiko, sind die Grundpfeiler unserer erfolgsorientierten Zahnfleischbehandung. Online TerminImplantologie Chirurgische Eingriffe werden bei uns durch das PRF-Verfahren mit der Nutzung von Eigenblut unterst\u00fctzt. Rund um das Implantat haben wir einen...","protected":false},"author":1,"featured_media":0,"parent":0,"menu_order":0,"comment_status":"closed","ping_status":"closed","template":"","meta":{"footnotes":""},"class_list":["post-68","page","type-page","status-publish","hentry"],"yoast_head":"<!-- This site is optimized with the Yoast SEO plugin v27.5 - https:\/\/yoast.com\/product\/yoast-seo-wordpress\/ -->\n<title>Implantologie &amp; Endodontie - VACH Zahn\u00e4rzte Prenzlauer Berg<\/title>\n<meta name=\"description\" content=\"Das Behandlungsspektrum der Zahnarztpraxis VACH in Berlin umfasst Implantologie, Parodontologie, Endodontie und \u00e4sthetische Zahnmedizin.\" \/>\n<meta name=\"robots\" content=\"index, follow, max-snippet:-1, max-image-preview:large, max-video-preview:-1\" \/>\n<link rel=\"canonical\" href=\"https:\/\/vach.berlin\/de_de\/behandlungen\/\" \/>\n<meta property=\"og:locale\" content=\"de_DE\" \/>\n<meta property=\"og:type\" content=\"article\" \/>\n<meta property=\"og:title\" content=\"Implantologie &amp; Endodontie - VACH Zahn\u00e4rzte Prenzlauer Berg\" \/>\n<meta property=\"og:description\" content=\"Das Behandlungsspektrum der Zahnarztpraxis VACH in Berlin umfasst Implantologie, Parodontologie, Endodontie und \u00e4sthetische Zahnmedizin.\" \/>\n<meta property=\"og:url\" content=\"https:\/\/vach.berlin\/de_de\/behandlungen\/\" \/>\n<meta property=\"og:site_name\" content=\"VACH Zahn\u00e4rzte Berlin Prenzlauer Berg\" \/>\n<meta property=\"article:modified_time\" content=\"2025-02-07T10:01:35+00:00\" \/>\n<meta name=\"twitter:card\" content=\"summary_large_image\" \/>\n<meta name=\"twitter:label1\" content=\"Gesch\u00e4tzte Lesezeit\" \/>\n\t<meta name=\"twitter:data1\" content=\"3\u00a0Minuten\" \/>\n<script type=\"application\/ld+json\" class=\"yoast-schema-graph\">{\"@context\":\"https:\\\/\\\/schema.org\",\"@graph\":[{\"@type\":\"WebPage\",\"@id\":\"https:\\\/\\\/vach.berlin\\\/behandlungen\\\/\",\"url\":\"https:\\\/\\\/vach.berlin\\\/behandlungen\\\/\",\"name\":\"Implantologie & Endodontie - VACH Zahn\u00e4rzte Prenzlauer Berg\",\"isPartOf\":{\"@id\":\"https:\\\/\\\/vach.berlin\\\/#website\"},\"datePublished\":\"2022-09-26T12:43:15+00:00\",\"dateModified\":\"2025-02-07T10:01:35+00:00\",\"description\":\"Das Behandlungsspektrum der Zahnarztpraxis VACH in Berlin umfasst Implantologie, Parodontologie, Endodontie und \u00e4sthetische Zahnmedizin.\",\"breadcrumb\":{\"@id\":\"https:\\\/\\\/vach.berlin\\\/behandlungen\\\/#breadcrumb\"},\"inLanguage\":\"de\",\"potentialAction\":[{\"@type\":\"ReadAction\",\"target\":[\"https:\\\/\\\/vach.berlin\\\/behandlungen\\\/\"]}]},{\"@type\":\"BreadcrumbList\",\"@id\":\"https:\\\/\\\/vach.berlin\\\/behandlungen\\\/#breadcrumb\",\"itemListElement\":[{\"@type\":\"ListItem\",\"position\":1,\"name\":\"Startseite\",\"item\":\"https:\\\/\\\/vach.berlin\\\/\"},{\"@type\":\"ListItem\",\"position\":2,\"name\":\"Behandlungen\"}]},{\"@type\":\"WebSite\",\"@id\":\"https:\\\/\\\/vach.berlin\\\/#website\",\"url\":\"https:\\\/\\\/vach.berlin\\\/\",\"name\":\"VACH Zahn\u00e4rzte Berlin Prenzlauer Berg\",\"description\":\"Parodontologie, Implantologie &amp; Endodontie\",\"potentialAction\":[{\"@type\":\"SearchAction\",\"target\":{\"@type\":\"EntryPoint\",\"urlTemplate\":\"https:\\\/\\\/vach.berlin\\\/?s={search_term_string}\"},\"query-input\":{\"@type\":\"PropertyValueSpecification\",\"valueRequired\":true,\"valueName\":\"search_term_string\"}}],\"inLanguage\":\"de\"}]}<\/script>\n<!-- \/ Yoast SEO plugin. -->","yoast_head_json":{"title":"Implantologie & Endodontie - VACH Zahn\u00e4rzte Prenzlauer Berg","description":"Das Behandlungsspektrum der Zahnarztpraxis VACH in Berlin umfasst Implantologie, Parodontologie, Endodontie und \u00e4sthetische Zahnmedizin.","robots":{"index":"index","follow":"follow","max-snippet":"max-snippet:-1","max-image-preview":"max-image-preview:large","max-video-preview":"max-video-preview:-1"},"canonical":"https:\/\/vach.berlin\/de_de\/behandlungen\/","og_locale":"de_DE","og_type":"article","og_title":"Implantologie & Endodontie - VACH Zahn\u00e4rzte Prenzlauer Berg","og_description":"Das Behandlungsspektrum der Zahnarztpraxis VACH in Berlin umfasst Implantologie, Parodontologie, Endodontie und \u00e4sthetische Zahnmedizin.","og_url":"https:\/\/vach.berlin\/de_de\/behandlungen\/","og_site_name":"VACH Zahn\u00e4rzte Berlin Prenzlauer Berg","article_modified_time":"2025-02-07T10:01:35+00:00","twitter_card":"summary_large_image","twitter_misc":{"Gesch\u00e4tzte Lesezeit":"3\u00a0Minuten"},"schema":{"@context":"https:\/\/schema.org","@graph":[{"@type":"WebPage","@id":"https:\/\/vach.berlin\/behandlungen\/","url":"https:\/\/vach.berlin\/behandlungen\/","name":"Implantologie & Endodontie - VACH Zahn\u00e4rzte Prenzlauer Berg","isPartOf":{"@id":"https:\/\/vach.berlin\/#website"},"datePublished":"2022-09-26T12:43:15+00:00","dateModified":"2025-02-07T10:01:35+00:00","description":"Das Behandlungsspektrum der Zahnarztpraxis VACH in Berlin umfasst Implantologie, Parodontologie, Endodontie und \u00e4sthetische Zahnmedizin.","breadcrumb":{"@id":"https:\/\/vach.berlin\/behandlungen\/#breadcrumb"},"inLanguage":"de","potentialAction":[{"@type":"ReadAction","target":["https:\/\/vach.berlin\/behandlungen\/"]}]},{"@type":"BreadcrumbList","@id":"https:\/\/vach.berlin\/behandlungen\/#breadcrumb","itemListElement":[{"@type":"ListItem","position":1,"name":"Startseite","item":"https:\/\/vach.berlin\/"},{"@type":"ListItem","position":2,"name":"Behandlungen"}]},{"@type":"WebSite","@id":"https:\/\/vach.berlin\/#website","url":"https:\/\/vach.berlin\/","name":"VACH Zahn\u00e4rzte Berlin Prenzlauer Berg","description":"Parodontologie, Implantologie &amp; Endodontie","potentialAction":[{"@type":"SearchAction","target":{"@type":"EntryPoint","urlTemplate":"https:\/\/vach.berlin\/?s={search_term_string}"},"query-input":{"@type":"PropertyValueSpecification","valueRequired":true,"valueName":"search_term_string"}}],"inLanguage":"de"}]}},"_links":{"self":[{"href":"https:\/\/vach.berlin\/de_de\/wp-json\/wp\/v2\/pages\/68","targetHints":{"allow":["GET"]}}],"collection":[{"href":"https:\/\/vach.berlin\/de_de\/wp-json\/wp\/v2\/pages"}],"about":[{"href":"https:\/\/vach.berlin\/de_de\/wp-json\/wp\/v2\/types\/page"}],"author":[{"embeddable":true,"href":"https:\/\/vach.berlin\/de_de\/wp-json\/wp\/v2\/users\/1"}],"replies":[{"embeddable":true,"href":"https:\/\/vach.berlin\/de_de\/wp-json\/wp\/v2\/comments?post=68"}],"version-history":[{"count":1,"href":"https:\/\/vach.berlin\/de_de\/wp-json\/wp\/v2\/pages\/68\/revisions"}],"predecessor-version":[{"id":1053,"href":"https:\/\/vach.berlin\/de_de\/wp-json\/wp\/v2\/pages\/68\/revisions\/1053"}],"wp:attachment":[{"href":"https:\/\/vach.berlin\/de_de\/wp-json\/wp\/v2\/media?parent=68"}],"curies":[{"name":"wp","href":"https:\/\/api.w.org\/{rel}","templated":true}]}}