{"id":25,"date":"2022-07-29T14:51:42","date_gmt":"2022-07-29T14:51:42","guid":{"rendered":"https:\/\/vach.berlin\/?page_id=25"},"modified":"2022-12-07T10:44:32","modified_gmt":"2022-12-07T10:44:32","slug":"impressum","status":"publish","type":"page","link":"https:\/\/vach.berlin\/de_de\/impressum\/","title":{"rendered":"Impressum"},"content":{"rendered":"<section class=\"l-section wpb_row height_medium\"><div class=\"l-section-h i-cf\"><div class=\"g-cols vc_row via_flex valign_top type_default stacking_default\"><div class=\"vc_col-sm-12 wpb_column vc_column_container\"><div class=\"vc_column-inner\"><div class=\"wpb_wrapper\"><div class=\"wpb_text_column\"><div class=\"wpb_wrapper\"><h1>Impressum<\/h1>\n<h3>Angaben gem\u00e4\u00df \u00a7 5 TMG<\/h3>\n<p>VACH Zahn\u00e4rzte GbR<\/p>\n<p>Berufsaus\u00fcbungsgemeinschaft<br \/>\nDr. Haberland &amp; Dr. Vlassakidis<\/p>\n<p>Sch\u00f6nhauser Allee 134<br \/>\n10437 Berlin<\/p>\n<h3>Vertreten durch<\/h3>\n<p>Dr. Cindy Haberland<br \/>\nDr. Alexander Vlassakidis<\/p>\n<h3>Kontakt<\/h3>\n<p>Telefon: 030-544536699<br \/>\nE-Mail: zahnarzt@vach.berlin<\/p>\n<h3>Aufsichtsbeh\u00f6rde<\/h3>\n<p>Kassenzahn\u00e4rztliche Vereinigung Berlin<br \/>\nGeorg-Wilhelm-Str. 16<br \/>\n10711 Berlin<\/p>\n<p><a href=\"https:\/\/www.kzv-berlin.de\/\" target=\"_blank\" rel=\"noopener noreferrer\">https:\/\/www.kzv-berlin.de<\/a><\/p>\n<h3>Berufsbezeichnung und berufsrechtliche Regelungen<\/h3>\n<p><strong>Berufsbezeichnung:<\/strong><br \/>\nZahn\u00e4rzte<\/p>\n<p><strong>Zust\u00e4ndige Kammer:<\/strong><br \/>\nZahn\u00e4rztekammer Berlin<br \/>\nStallstra\u00dfe 1<br \/>\n10585 Berlin-Charlottenburg<\/p>\n<p><strong>Verliehen in:<\/strong><br \/>\nDeutschland<\/p>\n<p><strong>Es gelten folgende berufsrechtliche Regelungen:<\/strong><\/p>\n<p>Zahnheilkundegesetz<br \/>\neinsehbar unter: <a href=\"https:\/\/www.zaek-berlin.de\" target=\"_blank\" rel=\"noopener noreferrer\">https:\/\/www.zaek-berlin.de<\/a><\/p>\n<p>Berufsordnung der Zahn\u00e4rztekammer \u2013 Berlin<br \/>\neinsehbar unter: <a href=\"https:\/\/www.zaek-berlin.de\" target=\"_blank\" rel=\"noopener noreferrer\">https:\/\/www.zaek-berlin.de<\/a><\/p>\n<p>Geb\u00fchrenordnung f\u00fcr Zahn\u00e4rzte<br \/>\neinsehbar unter: <a href=\"https:\/\/www.zaek-berlin.de\" target=\"_blank\" rel=\"noopener noreferrer\">https:\/\/www.zaek-berlin.de<\/a><\/p>\n<h3>Redaktionell verantwortlich<\/h3>\n<p>Dr. Cindy Haberland<br \/>\nDr. Alexander Vlassakidis<\/p>\n<h3>EU-Streitschlichtung<\/h3>\n<p>Die Europ\u00e4ische Kommission stellt eine Plattform zur Online-Streitbeilegung (OS) bereit: <a href=\"https:\/\/ec.europa.eu\/consumers\/odr\/\" target=\"_blank\" rel=\"noopener noreferrer\">https:\/\/ec.europa.eu\/consumers\/odr\/<\/a>.<br \/>\nUnsere E-Mail-Adresse finden Sie oben im Impressum.<\/p>\n<h3>Verbraucher\u00adstreit\u00adbeilegung\/Universal\u00adschlichtungs\u00adstelle<\/h3>\n<p>Wir sind nicht bereit oder verpflichtet, an Streitbeilegungsverfahren vor einer Verbraucherschlichtungsstelle teilzunehmen.<\/p>\n<h3>Haftung f\u00fcr Inhalte<\/h3>\n<p>Als Diensteanbieter sind wir gem\u00e4\u00df \u00a7 7 Abs.1 TMG f\u00fcr eigene Inhalte auf diesen Seiten nach den allgemeinen Gesetzen verantwortlich. Nach \u00a7\u00a7 8 bis 10 TMG sind wir als Diensteanbieter jedoch nicht verpflichtet, \u00fcbermittelte oder gespeicherte fremde Informationen zu \u00fcberwachen oder nach Umst\u00e4nden zu forschen, die auf eine rechtswidrige T\u00e4tigkeit hinweisen.<\/p>\n<p>Verpflichtungen zur Entfernung oder Sperrung der Nutzung von Informationen nach den allgemeinen Gesetzen bleiben hiervon unber\u00fchrt. Eine diesbez\u00fcgliche Haftung ist jedoch erst ab dem Zeitpunkt der Kenntnis einer konkreten Rechtsverletzung m\u00f6glich. Bei Bekanntwerden von entsprechenden Rechtsverletzungen werden wir diese Inhalte umgehend entfernen.<\/p>\n<h3>Haftung f\u00fcr Links<\/h3>\n<p>Unser Angebot enth\u00e4lt Links zu externen Websites Dritter, auf deren Inhalte wir keinen Einfluss haben. Deshalb k\u00f6nnen wir f\u00fcr diese fremden Inhalte auch keine Gew\u00e4hr \u00fcbernehmen. F\u00fcr die Inhalte der verlinkten Seiten ist stets der jeweilige Anbieter oder Betreiber der Seiten verantwortlich. Die verlinkten Seiten wurden zum Zeitpunkt der Verlinkung auf m\u00f6gliche Rechtsverst\u00f6\u00dfe \u00fcberpr\u00fcft. Rechtswidrige Inhalte waren zum Zeitpunkt der Verlinkung nicht erkennbar.<\/p>\n<p>Eine permanente inhaltliche Kontrolle der verlinkten Seiten ist jedoch ohne konkrete Anhaltspunkte einer Rechtsverletzung nicht zumutbar. Bei Bekanntwerden von Rechtsverletzungen werden wir derartige Links umgehend entfernen.<\/p>\n<h3>Urheberrecht<\/h3>\n<p>Die durch die Seitenbetreiber erstellten Inhalte und Werke auf diesen Seiten unterliegen dem deutschen Urheberrecht. Die Vervielf\u00e4ltigung, Bearbeitung, Verbreitung und jede Art der Verwertung au\u00dferhalb der Grenzen des Urheberrechtes bed\u00fcrfen der schriftlichen Zustimmung des jeweiligen Autors bzw. Erstellers. Downloads und Kopien dieser Seite sind nur f\u00fcr den privaten, nicht kommerziellen Gebrauch gestattet.<\/p>\n<p>Soweit die Inhalte auf dieser Seite nicht vom Betreiber erstellt wurden, werden die Urheberrechte Dritter beachtet. Insbesondere werden Inhalte Dritter als solche gekennzeichnet. Sollten Sie trotzdem auf eine Urheberrechtsverletzung aufmerksam werden, bitten wir um einen entsprechenden Hinweis. Bei Bekanntwerden von Rechtsverletzungen werden wir derartige Inhalte umgehend entfernen.<\/p>\n<p><strong>Gestaltung &amp; Umsetzung:<\/strong> <a href=\"https:\/\/prodoc.design\" target=\"_blank\" rel=\"noopener\">prodoc.design<\/a><\/p>\n<\/div><\/div><\/div><\/div><\/div><\/div><\/div><\/section>\n","protected":false},"excerpt":{"rendered":"Impressum Angaben gem\u00e4\u00df \u00a7 5 TMG VACH Zahn\u00e4rzte GbR Berufsaus\u00fcbungsgemeinschaft Dr. Haberland &amp; Dr. Vlassakidis Sch\u00f6nhauser Allee 134 10437 Berlin Vertreten durch Dr. Cindy Haberland Dr. Alexander Vlassakidis Kontakt Telefon: 030-544536699 E-Mail: zahnarzt@vach.berlin Aufsichtsbeh\u00f6rde Kassenzahn\u00e4rztliche Vereinigung Berlin Georg-Wilhelm-Str. 16 10711 Berlin https:\/\/www.kzv-berlin.de Berufsbezeichnung und berufsrechtliche Regelungen Berufsbezeichnung: Zahn\u00e4rzte Zust\u00e4ndige Kammer: Zahn\u00e4rztekammer Berlin Stallstra\u00dfe 1 10585...","protected":false},"author":1,"featured_media":0,"parent":0,"menu_order":0,"comment_status":"closed","ping_status":"closed","template":"","meta":{"footnotes":""},"class_list":["post-25","page","type-page","status-publish","hentry"],"yoast_head":"<!-- This site is optimized with the Yoast SEO plugin v27.3 - https:\/\/yoast.com\/product\/yoast-seo-wordpress\/ -->\n<title>Impressum - VACH Zahn\u00e4rzte Berlin Prenzlauer Berg<\/title>\n<meta name=\"description\" content=\"Das Impressum der VACH Zahn\u00e4rzte in Berlin Prenzlauer Berg. Moderne Zahnmedizin in der Sch\u00f6nhauser Allee 134.\" \/>\n<meta name=\"robots\" content=\"index, follow, max-snippet:-1, max-image-preview:large, max-video-preview:-1\" \/>\n<link rel=\"canonical\" href=\"https:\/\/vach.berlin\/de_de\/impressum\/\" \/>\n<meta property=\"og:locale\" content=\"de_DE\" \/>\n<meta property=\"og:type\" content=\"article\" \/>\n<meta property=\"og:title\" content=\"Impressum - VACH Zahn\u00e4rzte Berlin Prenzlauer Berg\" \/>\n<meta property=\"og:description\" content=\"Das Impressum der VACH Zahn\u00e4rzte in Berlin Prenzlauer Berg. Moderne Zahnmedizin in der Sch\u00f6nhauser Allee 134.\" \/>\n<meta property=\"og:url\" content=\"https:\/\/vach.berlin\/de_de\/impressum\/\" \/>\n<meta property=\"og:site_name\" content=\"VACH Zahn\u00e4rzte Berlin Prenzlauer Berg\" \/>\n<meta property=\"article:modified_time\" content=\"2022-12-07T10:44:32+00:00\" \/>\n<meta name=\"twitter:card\" content=\"summary_large_image\" \/>\n<meta name=\"twitter:label1\" content=\"Gesch\u00e4tzte Lesezeit\" \/>\n\t<meta name=\"twitter:data1\" content=\"3\u00a0Minuten\" \/>\n<script type=\"application\/ld+json\" class=\"yoast-schema-graph\">{\"@context\":\"https:\\\/\\\/schema.org\",\"@graph\":[{\"@type\":\"WebPage\",\"@id\":\"https:\\\/\\\/vach.berlin\\\/impressum\\\/\",\"url\":\"https:\\\/\\\/vach.berlin\\\/impressum\\\/\",\"name\":\"Impressum - VACH Zahn\u00e4rzte Berlin Prenzlauer Berg\",\"isPartOf\":{\"@id\":\"https:\\\/\\\/vach.berlin\\\/#website\"},\"datePublished\":\"2022-07-29T14:51:42+00:00\",\"dateModified\":\"2022-12-07T10:44:32+00:00\",\"description\":\"Das Impressum der VACH Zahn\u00e4rzte in Berlin Prenzlauer Berg. Moderne Zahnmedizin in der Sch\u00f6nhauser Allee 134.\",\"breadcrumb\":{\"@id\":\"https:\\\/\\\/vach.berlin\\\/impressum\\\/#breadcrumb\"},\"inLanguage\":\"de\",\"potentialAction\":[{\"@type\":\"ReadAction\",\"target\":[\"https:\\\/\\\/vach.berlin\\\/impressum\\\/\"]}]},{\"@type\":\"BreadcrumbList\",\"@id\":\"https:\\\/\\\/vach.berlin\\\/impressum\\\/#breadcrumb\",\"itemListElement\":[{\"@type\":\"ListItem\",\"position\":1,\"name\":\"Startseite\",\"item\":\"https:\\\/\\\/vach.berlin\\\/\"},{\"@type\":\"ListItem\",\"position\":2,\"name\":\"Impressum\"}]},{\"@type\":\"WebSite\",\"@id\":\"https:\\\/\\\/vach.berlin\\\/#website\",\"url\":\"https:\\\/\\\/vach.berlin\\\/\",\"name\":\"VACH Zahn\u00e4rzte Berlin Prenzlauer Berg\",\"description\":\"Parodontologie, Implantologie &amp; Endodontie\",\"potentialAction\":[{\"@type\":\"SearchAction\",\"target\":{\"@type\":\"EntryPoint\",\"urlTemplate\":\"https:\\\/\\\/vach.berlin\\\/?s={search_term_string}\"},\"query-input\":{\"@type\":\"PropertyValueSpecification\",\"valueRequired\":true,\"valueName\":\"search_term_string\"}}],\"inLanguage\":\"de\"}]}<\/script>\n<!-- \/ Yoast SEO plugin. -->","yoast_head_json":{"title":"Impressum - VACH Zahn\u00e4rzte Berlin Prenzlauer Berg","description":"Das Impressum der VACH Zahn\u00e4rzte in Berlin Prenzlauer Berg. Moderne Zahnmedizin in der Sch\u00f6nhauser Allee 134.","robots":{"index":"index","follow":"follow","max-snippet":"max-snippet:-1","max-image-preview":"max-image-preview:large","max-video-preview":"max-video-preview:-1"},"canonical":"https:\/\/vach.berlin\/de_de\/impressum\/","og_locale":"de_DE","og_type":"article","og_title":"Impressum - VACH Zahn\u00e4rzte Berlin Prenzlauer Berg","og_description":"Das Impressum der VACH Zahn\u00e4rzte in Berlin Prenzlauer Berg. Moderne Zahnmedizin in der Sch\u00f6nhauser Allee 134.","og_url":"https:\/\/vach.berlin\/de_de\/impressum\/","og_site_name":"VACH Zahn\u00e4rzte Berlin Prenzlauer Berg","article_modified_time":"2022-12-07T10:44:32+00:00","twitter_card":"summary_large_image","twitter_misc":{"Gesch\u00e4tzte Lesezeit":"3\u00a0Minuten"},"schema":{"@context":"https:\/\/schema.org","@graph":[{"@type":"WebPage","@id":"https:\/\/vach.berlin\/impressum\/","url":"https:\/\/vach.berlin\/impressum\/","name":"Impressum - VACH Zahn\u00e4rzte Berlin Prenzlauer Berg","isPartOf":{"@id":"https:\/\/vach.berlin\/#website"},"datePublished":"2022-07-29T14:51:42+00:00","dateModified":"2022-12-07T10:44:32+00:00","description":"Das Impressum der VACH Zahn\u00e4rzte in Berlin Prenzlauer Berg. Moderne Zahnmedizin in der Sch\u00f6nhauser Allee 134.","breadcrumb":{"@id":"https:\/\/vach.berlin\/impressum\/#breadcrumb"},"inLanguage":"de","potentialAction":[{"@type":"ReadAction","target":["https:\/\/vach.berlin\/impressum\/"]}]},{"@type":"BreadcrumbList","@id":"https:\/\/vach.berlin\/impressum\/#breadcrumb","itemListElement":[{"@type":"ListItem","position":1,"name":"Startseite","item":"https:\/\/vach.berlin\/"},{"@type":"ListItem","position":2,"name":"Impressum"}]},{"@type":"WebSite","@id":"https:\/\/vach.berlin\/#website","url":"https:\/\/vach.berlin\/","name":"VACH Zahn\u00e4rzte Berlin Prenzlauer Berg","description":"Parodontologie, Implantologie &amp; Endodontie","potentialAction":[{"@type":"SearchAction","target":{"@type":"EntryPoint","urlTemplate":"https:\/\/vach.berlin\/?s={search_term_string}"},"query-input":{"@type":"PropertyValueSpecification","valueRequired":true,"valueName":"search_term_string"}}],"inLanguage":"de"}]}},"_links":{"self":[{"href":"https:\/\/vach.berlin\/de_de\/wp-json\/wp\/v2\/pages\/25","targetHints":{"allow":["GET"]}}],"collection":[{"href":"https:\/\/vach.berlin\/de_de\/wp-json\/wp\/v2\/pages"}],"about":[{"href":"https:\/\/vach.berlin\/de_de\/wp-json\/wp\/v2\/types\/page"}],"author":[{"embeddable":true,"href":"https:\/\/vach.berlin\/de_de\/wp-json\/wp\/v2\/users\/1"}],"replies":[{"embeddable":true,"href":"https:\/\/vach.berlin\/de_de\/wp-json\/wp\/v2\/comments?post=25"}],"version-history":[{"count":0,"href":"https:\/\/vach.berlin\/de_de\/wp-json\/wp\/v2\/pages\/25\/revisions"}],"wp:attachment":[{"href":"https:\/\/vach.berlin\/de_de\/wp-json\/wp\/v2\/media?parent=25"}],"curies":[{"name":"wp","href":"https:\/\/api.w.org\/{rel}","templated":true}]}}